{"id":839,"date":"2025-10-10T14:08:28","date_gmt":"2025-10-10T14:08:28","guid":{"rendered":"https:\/\/dallasmotelsc.com.br\/saojose\/?page_id=839"},"modified":"2026-03-12T19:11:53","modified_gmt":"2026-03-12T19:11:53","slug":"apartamento-luxo","status":"publish","type":"page","link":"https:\/\/dallasmotelsc.com.br\/saojose\/apartamento-luxo\/","title":{"rendered":"Apartamento Luxo"},"content":{"rendered":"\t\t<div data-elementor-type=\"wp-page\" data-elementor-id=\"839\" class=\"elementor elementor-839\" data-elementor-post-type=\"page\">\n\t\t\t\t<div class=\"elementor-element elementor-element-bcae39b e-con-full e-flex parallax_section_no qode_elementor_container_no e-con e-parent\" data-id=\"bcae39b\" data-element_type=\"container\" data-settings=\"{&quot;background_background&quot;:&quot;classic&quot;}\">\n\t\t<div class=\"elementor-element elementor-element-eb66241 e-flex e-con-boxed parallax_section_no qode_elementor_container_no e-con e-child\" data-id=\"eb66241\" data-element_type=\"container\" data-settings=\"{&quot;background_background&quot;:&quot;classic&quot;}\">\n\t\t\t\t\t<div class=\"e-con-inner\">\n\t\t<div class=\"elementor-element elementor-element-03518b2 e-con-full e-flex parallax_section_no qode_elementor_container_no e-con e-child\" data-id=\"03518b2\" data-element_type=\"container\">\n\t\t\t\t<div class=\"elementor-element elementor-element-abe3709 elementor-widget elementor-widget-heading\" data-id=\"abe3709\" data-element_type=\"widget\" data-widget_type=\"heading.default\">\n\t\t\t\t<div class=\"elementor-widget-container\">\n\t\t\t\t\t<h1 class=\"elementor-heading-title elementor-size-default\">Apartamento Luxo<\/h1>\t\t\t\t<\/div>\n\t\t\t\t<\/div>\n\t\t\t\t<div class=\"elementor-element elementor-element-27c1e13 elementor-widget-divider--view-line elementor-widget elementor-widget-divider\" data-id=\"27c1e13\" data-element_type=\"widget\" data-widget_type=\"divider.default\">\n\t\t\t\t<div class=\"elementor-widget-container\">\n\t\t\t\t\t\t\t<div class=\"elementor-divider\">\n\t\t\t<span class=\"elementor-divider-separator\">\n\t\t\t\t\t\t<\/span>\n\t\t<\/div>\n\t\t\t\t\t\t<\/div>\n\t\t\t\t<\/div>\n\t\t\t\t<div class=\"elementor-element elementor-element-93d035f elementor-widget elementor-widget-text-editor\" data-id=\"93d035f\" data-element_type=\"widget\" data-widget_type=\"text-editor.default\">\n\t\t\t\t<div class=\"elementor-widget-container\">\n\t\t\t\t\t\t\t\t\tA su\u00edte combina conforto e privacidade em um ambiente acolhedor e funcional. Conta com TV de 32 polegadas, frigobar e ar-condicionado, oferecendo praticidade e bem-estar durante a estadia.\n\t\t\t\t\t\t\t\t<\/div>\n\t\t\t\t<\/div>\n\t\t\t\t<div class=\"elementor-element elementor-element-ab31614 elementor-widget elementor-widget-text-editor\" data-id=\"ab31614\" data-element_type=\"widget\" data-widget_type=\"text-editor.default\">\n\t\t\t\t<div class=\"elementor-widget-container\">\n\t\t\t\t\t\t\t\t\tO espelho no teto traz um toque de charme e sensualidade, enquanto o Wi-Fi gratuito e a garagem privativa completam a experi\u00eancia com discri\u00e7\u00e3o.\n\t\t\t\t\t\t\t\t<\/div>\n\t\t\t\t<\/div>\n\t\t\t\t<div class=\"elementor-element elementor-element-9def490 elementor-widget elementor-widget-text-editor\" data-id=\"9def490\" data-element_type=\"widget\" data-widget_type=\"text-editor.default\">\n\t\t\t\t<div class=\"elementor-widget-container\">\n\t\t\t\t\t\t\t\t\t<b>Valores<\/b> \t\t\t\t\t\t\t\t<\/div>\n\t\t\t\t<\/div>\n\t\t\t\t<div class=\"elementor-element elementor-element-429cb1e elementor-widget elementor-widget-text-editor\" data-id=\"429cb1e\" data-element_type=\"widget\" data-widget_type=\"text-editor.default\">\n\t\t\t\t<div class=\"elementor-widget-container\">\n\t\t\t\t\t\t\t\t\t<strong>Entrada entre (05:00 E 18:59 hs):<\/strong> 2 horas R$ 104,00 &#8211; sendo R$ 14,00 a hora adicional \t\t\t\t\t\t\t\t<\/div>\n\t\t\t\t<\/div>\n\t\t\t\t<div class=\"elementor-element elementor-element-72b918d elementor-widget elementor-widget-text-editor\" data-id=\"72b918d\" data-element_type=\"widget\" data-widget_type=\"text-editor.default\">\n\t\t\t\t<div class=\"elementor-widget-container\">\n\t\t\t\t\t\t\t\t\t<strong>Entrada entre (19:00 E 04:59 hs):<\/strong> 2 horas R$ 118,00 &#8211; sendo R$ 14,00 a hora adicional \t\t\t\t\t\t\t\t<\/div>\n\t\t\t\t<\/div>\n\t\t\t\t<div class=\"elementor-element elementor-element-96e3b10 elementor-widget elementor-widget-text-editor\" data-id=\"96e3b10\" data-element_type=\"widget\" data-widget_type=\"text-editor.default\">\n\t\t\t\t<div class=\"elementor-widget-container\">\n\t\t\t\t\t\t\t\t\tToler\u00e2ncia m\u00e1ximo de 5 minutos. Valores para 2 Pessoas, acrescidos de 35% por pessoa adicional. \t\t\t\t\t\t\t\t<\/div>\n\t\t\t\t<\/div>\n\t\t\t\t<div class=\"elementor-element elementor-element-9dcb14e elementor-widget elementor-widget-text-editor\" data-id=\"9dcb14e\" data-element_type=\"widget\" data-widget_type=\"text-editor.default\">\n\t\t\t\t<div class=\"elementor-widget-container\">\n\t\t\t\t\t\t\t\t\t<b>Valores Pernoites<\/b> \t\t\t\t\t\t\t\t<\/div>\n\t\t\t\t<\/div>\n\t\t\t\t<div class=\"elementor-element elementor-element-652ab19 elementor-widget elementor-widget-text-editor\" data-id=\"652ab19\" data-element_type=\"widget\" data-widget_type=\"text-editor.default\">\n\t\t\t\t<div class=\"elementor-widget-container\">\n\t\t\t\t\t\t\t\t\t<strong>Entrada entre (05:00 E 18:59 hs):<\/strong>\n<ul>\n<li>8 horas R$ 188,00<\/li>\n<li>9 horas R$ 202,00<\/li>\n<li>10 horas R$ 216,00<\/li>\n<li>11 horas R$ 230,00<\/li>\n<li>12 horas R$ 244,00<\/li>\n<li>13 horas R$ 258,00<\/li>\n<li>14 horas R$ 272,00<\/li>\n<li>15 horas R$ 286,00<\/li>\n<\/ul>\t\t\t\t\t\t\t\t<\/div>\n\t\t\t\t<\/div>\n\t\t\t\t<div class=\"elementor-element elementor-element-35263ac elementor-widget elementor-widget-text-editor\" data-id=\"35263ac\" data-element_type=\"widget\" data-widget_type=\"text-editor.default\">\n\t\t\t\t<div class=\"elementor-widget-container\">\n\t\t\t\t\t\t\t\t\t<strong>Entrada entre (19:00 E 04:59 hs):<\/strong>\n<ul>\n<li>8 horas R$ 202,00<\/li>\n<li>9 horas R$ 216,00<\/li>\n<li>10 horas R$ 230,00<\/li>\n<li>11 horas R$ 244,00<\/li>\n<li>12 horas R$ 258,00<\/li>\n<li>13 horas R$ 272,00<\/li>\n<li>14 horas R$ 286,00<\/li>\n<li>15 horas R$ 300,00<\/li>\n<\/ul>\t\t\t\t\t\t\t\t<\/div>\n\t\t\t\t<\/div>\n\t\t\t\t<div class=\"elementor-element elementor-element-254042e elementor-widget elementor-widget-text-editor\" data-id=\"254042e\" data-element_type=\"widget\" data-widget_type=\"text-editor.default\">\n\t\t\t\t<div class=\"elementor-widget-container\">\n\t\t\t\t\t\t\t\t\tToler\u00e2ncia m\u00e1ximo de 5 minutos. Valores para 2 Pessoas, acrescidos de 35% por pessoa adicional. \t\t\t\t\t\t\t\t<\/div>\n\t\t\t\t<\/div>\n\t\t\t\t<\/div>\n\t\t\t\t\t<\/div>\n\t\t\t\t<\/div>\n\t\t<div class=\"elementor-element elementor-element-bcccdbe e-flex e-con-boxed parallax_section_no qode_elementor_container_no e-con e-child\" data-id=\"bcccdbe\" data-element_type=\"container\" data-settings=\"{&quot;background_background&quot;:&quot;classic&quot;}\">\n\t\t\t\t\t<div class=\"e-con-inner\">\n\t\t\t\t\t<\/div>\n\t\t\t\t<\/div>\n\t\t\t\t<\/div>\n\t\t<div class=\"elementor-element elementor-element-4604523 e-con-full e-flex parallax_section_no qode_elementor_container_no e-con e-parent\" data-id=\"4604523\" data-element_type=\"container\" data-settings=\"{&quot;background_background&quot;:&quot;classic&quot;}\">\n\t\t<div class=\"elementor-element elementor-element-6cf9ff0 e-con-full e-flex parallax_section_no qode_elementor_container_no e-con e-child\" data-id=\"6cf9ff0\" data-element_type=\"container\">\n\t\t\t\t<div class=\"elementor-element elementor-element-9d8f909 elementor-arrows-position-inside elementor-widget elementor-widget-image-carousel\" data-id=\"9d8f909\" data-element_type=\"widget\" data-settings=\"{&quot;slides_to_show&quot;:&quot;4&quot;,&quot;navigation&quot;:&quot;arrows&quot;,&quot;lazyload&quot;:&quot;yes&quot;,&quot;slides_to_show_mobile&quot;:&quot;1&quot;,&quot;autoplay&quot;:&quot;yes&quot;,&quot;pause_on_hover&quot;:&quot;yes&quot;,&quot;pause_on_interaction&quot;:&quot;yes&quot;,&quot;autoplay_speed&quot;:5000,&quot;infinite&quot;:&quot;yes&quot;,&quot;speed&quot;:500}\" data-widget_type=\"image-carousel.default\">\n\t\t\t\t<div class=\"elementor-widget-container\">\n\t\t\t\t\t\t\t<div class=\"elementor-image-carousel-wrapper swiper\" role=\"region\" aria-roledescription=\"carousel\" aria-label=\"Carrossel de imagens\" dir=\"ltr\">\n\t\t\t<div class=\"elementor-image-carousel swiper-wrapper\" aria-live=\"off\">\n\t\t\t\t\t\t\t\t<div class=\"swiper-slide\" role=\"group\" aria-roledescription=\"slide\" aria-label=\"1 de 10\"><a data-elementor-open-lightbox=\"yes\" data-elementor-lightbox-slideshow=\"9d8f909\" data-elementor-lightbox-title=\"apto-luxo\" data-e-action-hash=\"#elementor-action%3Aaction%3Dlightbox%26settings%3DeyJpZCI6MTAyMiwidXJsIjoiaHR0cHM6XC9cL2RhbGxhc21vdGVsc2MuY29tLmJyXC9zYW9qb3NlXC93cC1jb250ZW50XC91cGxvYWRzXC8yMDI1XC8xMFwvYXB0by1sdXhvLTEuanBnIiwic2xpZGVzaG93IjoiOWQ4ZjkwOSJ9\" href=\"https:\/\/dallasmotelsc.com.br\/saojose\/wp-content\/uploads\/2025\/10\/apto-luxo-1.jpg\"><figure class=\"swiper-slide-inner\"><img class=\"swiper-slide-image swiper-lazy\" data-src=\"https:\/\/dallasmotelsc.com.br\/saojose\/wp-content\/uploads\/elementor\/thumbs\/apto-luxo-1-rd5eho3kx3yz9jzunwqkwf2ursoo1zgdzwu7cdu8ww.jpg\" alt=\"apto-luxo\" \/><div class=\"swiper-lazy-preloader\"><\/div><\/figure><\/a><\/div><div class=\"swiper-slide\" role=\"group\" aria-roledescription=\"slide\" aria-label=\"2 de 10\"><a data-elementor-open-lightbox=\"yes\" data-elementor-lightbox-slideshow=\"9d8f909\" data-elementor-lightbox-title=\"apto-luxo (10)\" data-e-action-hash=\"#elementor-action%3Aaction%3Dlightbox%26settings%3DeyJpZCI6MTAyMSwidXJsIjoiaHR0cHM6XC9cL2RhbGxhc21vdGVsc2MuY29tLmJyXC9zYW9qb3NlXC93cC1jb250ZW50XC91cGxvYWRzXC8yMDI1XC8xMFwvYXB0by1sdXhvLTEwLTEuanBnIiwic2xpZGVzaG93IjoiOWQ4ZjkwOSJ9\" href=\"https:\/\/dallasmotelsc.com.br\/saojose\/wp-content\/uploads\/2025\/10\/apto-luxo-10-1.jpg\"><figure class=\"swiper-slide-inner\"><img class=\"swiper-slide-image swiper-lazy\" data-src=\"https:\/\/dallasmotelsc.com.br\/saojose\/wp-content\/uploads\/elementor\/thumbs\/apto-luxo-10-1-rd5ehm7wjfwemc2kyvxbrfjxl0xxml8xbnj8dtx19c.jpg\" alt=\"apto-luxo (10)\" \/><div class=\"swiper-lazy-preloader\"><\/div><\/figure><\/a><\/div><div class=\"swiper-slide\" role=\"group\" aria-roledescription=\"slide\" aria-label=\"3 de 10\"><a data-elementor-open-lightbox=\"yes\" data-elementor-lightbox-slideshow=\"9d8f909\" data-elementor-lightbox-title=\"apto-luxo (9)\" data-e-action-hash=\"#elementor-action%3Aaction%3Dlightbox%26settings%3DeyJpZCI6MTAyMCwidXJsIjoiaHR0cHM6XC9cL2RhbGxhc21vdGVsc2MuY29tLmJyXC9zYW9qb3NlXC93cC1jb250ZW50XC91cGxvYWRzXC8yMDI1XC8xMFwvYXB0by1sdXhvLTktMS5qcGciLCJzbGlkZXNob3ciOiI5ZDhmOTA5In0%3D\" href=\"https:\/\/dallasmotelsc.com.br\/saojose\/wp-content\/uploads\/2025\/10\/apto-luxo-9-1.jpg\"><figure class=\"swiper-slide-inner\"><img class=\"swiper-slide-image swiper-lazy\" data-src=\"https:\/\/dallasmotelsc.com.br\/saojose\/wp-content\/uploads\/elementor\/thumbs\/apto-luxo-9-1-rd5ehkc85rttz45b9v42mg10e977771gne89f9ztls.jpg\" alt=\"apto-luxo (9)\" \/><div class=\"swiper-lazy-preloader\"><\/div><\/figure><\/a><\/div><div class=\"swiper-slide\" role=\"group\" aria-roledescription=\"slide\" aria-label=\"4 de 10\"><a data-elementor-open-lightbox=\"yes\" data-elementor-lightbox-slideshow=\"9d8f909\" data-elementor-lightbox-title=\"apto-luxo (8)\" data-e-action-hash=\"#elementor-action%3Aaction%3Dlightbox%26settings%3DeyJpZCI6MTAxOSwidXJsIjoiaHR0cHM6XC9cL2RhbGxhc21vdGVsc2MuY29tLmJyXC9zYW9qb3NlXC93cC1jb250ZW50XC91cGxvYWRzXC8yMDI1XC8xMFwvYXB0by1sdXhvLTgtMS5qcGciLCJzbGlkZXNob3ciOiI5ZDhmOTA5In0%3D\" href=\"https:\/\/dallasmotelsc.com.br\/saojose\/wp-content\/uploads\/2025\/10\/apto-luxo-8-1.jpg\"><figure class=\"swiper-slide-inner\"><img class=\"swiper-slide-image swiper-lazy\" data-src=\"https:\/\/dallasmotelsc.com.br\/saojose\/wp-content\/uploads\/elementor\/thumbs\/apto-luxo-8-1-rd5ehjedyxsjni6ofcpg1y9jsvbtzhxqb9kry017s0.jpg\" alt=\"apto-luxo (8)\" \/><div class=\"swiper-lazy-preloader\"><\/div><\/figure><\/a><\/div><div class=\"swiper-slide\" role=\"group\" aria-roledescription=\"slide\" aria-label=\"5 de 10\"><a data-elementor-open-lightbox=\"yes\" data-elementor-lightbox-slideshow=\"9d8f909\" data-elementor-lightbox-title=\"apto-luxo (7)\" data-e-action-hash=\"#elementor-action%3Aaction%3Dlightbox%26settings%3DeyJpZCI6MTAxOCwidXJsIjoiaHR0cHM6XC9cL2RhbGxhc21vdGVsc2MuY29tLmJyXC9zYW9qb3NlXC93cC1jb250ZW50XC91cGxvYWRzXC8yMDI1XC8xMFwvYXB0by1sdXhvLTctMS5qcGciLCJzbGlkZXNob3ciOiI5ZDhmOTA5In0%3D\" href=\"https:\/\/dallasmotelsc.com.br\/saojose\/wp-content\/uploads\/2025\/10\/apto-luxo-7-1.jpg\"><figure class=\"swiper-slide-inner\"><img class=\"swiper-slide-image swiper-lazy\" data-src=\"https:\/\/dallasmotelsc.com.br\/saojose\/wp-content\/uploads\/elementor\/thumbs\/apto-luxo-7-1-rd5ehhipl9pz0a9eqbw6wyqmm3l3k3q9n09szg404g.jpg\" alt=\"apto-luxo (7)\" \/><div class=\"swiper-lazy-preloader\"><\/div><\/figure><\/a><\/div><div class=\"swiper-slide\" role=\"group\" aria-roledescription=\"slide\" aria-label=\"6 de 10\"><a data-elementor-open-lightbox=\"yes\" data-elementor-lightbox-slideshow=\"9d8f909\" data-elementor-lightbox-title=\"apto-luxo (6)\" data-e-action-hash=\"#elementor-action%3Aaction%3Dlightbox%26settings%3DeyJpZCI6MTAxNywidXJsIjoiaHR0cHM6XC9cL2RhbGxhc21vdGVsc2MuY29tLmJyXC9zYW9qb3NlXC93cC1jb250ZW50XC91cGxvYWRzXC8yMDI1XC8xMFwvYXB0by1sdXhvLTYtMS5qcGciLCJzbGlkZXNob3ciOiI5ZDhmOTA5In0%3D\" href=\"https:\/\/dallasmotelsc.com.br\/saojose\/wp-content\/uploads\/2025\/10\/apto-luxo-6-1.jpg\"><figure class=\"swiper-slide-inner\"><img class=\"swiper-slide-image swiper-lazy\" data-src=\"https:\/\/dallasmotelsc.com.br\/saojose\/wp-content\/uploads\/elementor\/thumbs\/apto-luxo-6-1-rd5ehfn17lned2c51b2xrz7pfbud4pisyqyu0w6sgw.jpg\" alt=\"apto-luxo (6)\" \/><div class=\"swiper-lazy-preloader\"><\/div><\/figure><\/a><\/div><div class=\"swiper-slide\" role=\"group\" aria-roledescription=\"slide\" aria-label=\"7 de 10\"><a data-elementor-open-lightbox=\"yes\" data-elementor-lightbox-slideshow=\"9d8f909\" data-elementor-lightbox-title=\"apto-luxo (5)\" data-e-action-hash=\"#elementor-action%3Aaction%3Dlightbox%26settings%3DeyJpZCI6MTAxNiwidXJsIjoiaHR0cHM6XC9cL2RhbGxhc21vdGVsc2MuY29tLmJyXC9zYW9qb3NlXC93cC1jb250ZW50XC91cGxvYWRzXC8yMDI1XC8xMFwvYXB0by1sdXhvLTUtMS5qcGciLCJzbGlkZXNob3ciOiI5ZDhmOTA5In0%3D\" href=\"https:\/\/dallasmotelsc.com.br\/saojose\/wp-content\/uploads\/2025\/10\/apto-luxo-5-1.jpg\"><figure class=\"swiper-slide-inner\"><img class=\"swiper-slide-image swiper-lazy\" data-src=\"https:\/\/dallasmotelsc.com.br\/saojose\/wp-content\/uploads\/elementor\/thumbs\/apto-luxo-5-1-rd5ehep70rm41gdi6sob7hg8txyzx0f2mmbcjm86n4.jpg\" alt=\"apto-luxo (5)\" \/><div class=\"swiper-lazy-preloader\"><\/div><\/figure><\/a><\/div><div class=\"swiper-slide\" role=\"group\" aria-roledescription=\"slide\" aria-label=\"8 de 10\"><a data-elementor-open-lightbox=\"yes\" data-elementor-lightbox-slideshow=\"9d8f909\" data-elementor-lightbox-title=\"apto-luxo (4)\" data-e-action-hash=\"#elementor-action%3Aaction%3Dlightbox%26settings%3DeyJpZCI6MTAxNSwidXJsIjoiaHR0cHM6XC9cL2RhbGxhc21vdGVsc2MuY29tLmJyXC9zYW9qb3NlXC93cC1jb250ZW50XC91cGxvYWRzXC8yMDI1XC8xMFwvYXB0by1sdXhvLTQtMS5qcGciLCJzbGlkZXNob3ciOiI5ZDhmOTA5In0%3D\" href=\"https:\/\/dallasmotelsc.com.br\/saojose\/wp-content\/uploads\/2025\/10\/apto-luxo-4-1.jpg\"><figure class=\"swiper-slide-inner\"><img class=\"swiper-slide-image swiper-lazy\" data-src=\"https:\/\/dallasmotelsc.com.br\/saojose\/wp-content\/uploads\/elementor\/thumbs\/apto-luxo-4-1-rd5ehctin3jje8g8hrv22hxbn689hm7lyd0dl2ayzk.jpg\" alt=\"apto-luxo (4)\" \/><div class=\"swiper-lazy-preloader\"><\/div><\/figure><\/a><\/div><div class=\"swiper-slide\" role=\"group\" aria-roledescription=\"slide\" aria-label=\"9 de 10\"><a data-elementor-open-lightbox=\"yes\" data-elementor-lightbox-slideshow=\"9d8f909\" data-elementor-lightbox-title=\"apto-luxo (3)\" data-e-action-hash=\"#elementor-action%3Aaction%3Dlightbox%26settings%3DeyJpZCI6MTAxNCwidXJsIjoiaHR0cHM6XC9cL2RhbGxhc21vdGVsc2MuY29tLmJyXC9zYW9qb3NlXC93cC1jb250ZW50XC91cGxvYWRzXC8yMDI1XC8xMFwvYXB0by1sdXhvLTMtMS5qcGciLCJzbGlkZXNob3ciOiI5ZDhmOTA5In0%3D\" href=\"https:\/\/dallasmotelsc.com.br\/saojose\/wp-content\/uploads\/2025\/10\/apto-luxo-3-1.jpg\"><figure class=\"swiper-slide-inner\"><img class=\"swiper-slide-image swiper-lazy\" data-src=\"https:\/\/dallasmotelsc.com.br\/saojose\/wp-content\/uploads\/elementor\/thumbs\/apto-luxo-3-1-rd5ehaxu9fgyr0iysr1sxieegehj2805a3pemidrc0.jpg\" alt=\"apto-luxo (3)\" \/><div class=\"swiper-lazy-preloader\"><\/div><\/figure><\/a><\/div><div class=\"swiper-slide\" role=\"group\" aria-roledescription=\"slide\" aria-label=\"10 de 10\"><a data-elementor-open-lightbox=\"yes\" data-elementor-lightbox-slideshow=\"9d8f909\" data-elementor-lightbox-title=\"apto-luxo (2)\" data-e-action-hash=\"#elementor-action%3Aaction%3Dlightbox%26settings%3DeyJpZCI6MTAxMywidXJsIjoiaHR0cHM6XC9cL2RhbGxhc21vdGVsc2MuY29tLmJyXC9zYW9qb3NlXC93cC1jb250ZW50XC91cGxvYWRzXC8yMDI1XC8xMFwvYXB0by1sdXhvLTItMS5qcGciLCJzbGlkZXNob3ciOiI5ZDhmOTA5In0%3D\" href=\"https:\/\/dallasmotelsc.com.br\/saojose\/wp-content\/uploads\/2025\/10\/apto-luxo-2-1.jpg\"><figure class=\"swiper-slide-inner\"><img class=\"swiper-slide-image swiper-lazy\" data-src=\"https:\/\/dallasmotelsc.com.br\/saojose\/wp-content\/uploads\/elementor\/thumbs\/apto-luxo-2-1-rd5eh925vree3slp3q8jsivh9mqsmtsoluefnygjog.jpg\" alt=\"apto-luxo (2)\" \/><div class=\"swiper-lazy-preloader\"><\/div><\/figure><\/a><\/div>\t\t\t<\/div>\n\t\t\t\t\t\t\t\t\t\t\t\t<div class=\"elementor-swiper-button elementor-swiper-button-prev\" role=\"button\" tabindex=\"0\">\n\t\t\t\t\t\t<i aria-hidden=\"true\" class=\"eicon-chevron-left\"><\/i>\t\t\t\t\t<\/div>\n\t\t\t\t\t<div class=\"elementor-swiper-button elementor-swiper-button-next\" role=\"button\" tabindex=\"0\">\n\t\t\t\t\t\t<i aria-hidden=\"true\" class=\"eicon-chevron-right\"><\/i>\t\t\t\t\t<\/div>\n\t\t\t\t\n\t\t\t\t\t\t\t\t\t<\/div>\n\t\t\t\t\t\t<\/div>\n\t\t\t\t<\/div>\n\t\t\t\t<\/div>\n\t\t\t\t<\/div>\n\t\t\t\t<\/div>\n\t\t","protected":false},"excerpt":{"rendered":"<p>Apartamento Luxo A su\u00edte combina conforto e privacidade em um ambiente acolhedor e funcional. Conta com TV de 32 polegadas, frigobar e ar-condicionado, oferecendo praticidade e bem-estar durante a estadia. O espelho no teto traz um toque de charme e sensualidade, enquanto o Wi-Fi gratuito&#8230;<\/p>\n","protected":false},"author":1,"featured_media":0,"parent":0,"menu_order":0,"comment_status":"closed","ping_status":"closed","template":"elementor_header_footer","meta":{"footnotes":""},"class_list":["post-839","page","type-page","status-publish","hentry"],"_links":{"self":[{"href":"https:\/\/dallasmotelsc.com.br\/saojose\/wp-json\/wp\/v2\/pages\/839","targetHints":{"allow":["GET"]}}],"collection":[{"href":"https:\/\/dallasmotelsc.com.br\/saojose\/wp-json\/wp\/v2\/pages"}],"about":[{"href":"https:\/\/dallasmotelsc.com.br\/saojose\/wp-json\/wp\/v2\/types\/page"}],"author":[{"embeddable":true,"href":"https:\/\/dallasmotelsc.com.br\/saojose\/wp-json\/wp\/v2\/users\/1"}],"replies":[{"embeddable":true,"href":"https:\/\/dallasmotelsc.com.br\/saojose\/wp-json\/wp\/v2\/comments?post=839"}],"version-history":[{"count":50,"href":"https:\/\/dallasmotelsc.com.br\/saojose\/wp-json\/wp\/v2\/pages\/839\/revisions"}],"predecessor-version":[{"id":1267,"href":"https:\/\/dallasmotelsc.com.br\/saojose\/wp-json\/wp\/v2\/pages\/839\/revisions\/1267"}],"wp:attachment":[{"href":"https:\/\/dallasmotelsc.com.br\/saojose\/wp-json\/wp\/v2\/media?parent=839"}],"curies":[{"name":"wp","href":"https:\/\/api.w.org\/{rel}","templated":true}]}}