{"id":548,"date":"2025-10-02T19:21:53","date_gmt":"2025-10-02T19:21:53","guid":{"rendered":"https:\/\/dallasmotelsc.com.br\/saojose\/?page_id=548"},"modified":"2026-03-12T19:15:19","modified_gmt":"2026-03-12T19:15:19","slug":"suite-vip","status":"publish","type":"page","link":"https:\/\/dallasmotelsc.com.br\/saojose\/suite-vip\/","title":{"rendered":"Su\u00edte VIP"},"content":{"rendered":"\t\t<div data-elementor-type=\"wp-page\" data-elementor-id=\"548\" class=\"elementor elementor-548\" data-elementor-post-type=\"page\">\n\t\t\t\t<div class=\"elementor-element elementor-element-bcae39b e-con-full e-flex parallax_section_no qode_elementor_container_no e-con e-parent\" data-id=\"bcae39b\" data-element_type=\"container\" data-settings=\"{&quot;background_background&quot;:&quot;classic&quot;}\">\n\t\t<div class=\"elementor-element elementor-element-eb66241 e-flex e-con-boxed parallax_section_no qode_elementor_container_no e-con e-child\" data-id=\"eb66241\" data-element_type=\"container\" data-settings=\"{&quot;background_background&quot;:&quot;classic&quot;}\">\n\t\t\t\t\t<div class=\"e-con-inner\">\n\t\t<div class=\"elementor-element elementor-element-03518b2 e-con-full e-flex parallax_section_no qode_elementor_container_no e-con e-child\" data-id=\"03518b2\" data-element_type=\"container\">\n\t\t\t\t<div class=\"elementor-element elementor-element-abe3709 elementor-widget elementor-widget-heading\" data-id=\"abe3709\" data-element_type=\"widget\" data-widget_type=\"heading.default\">\n\t\t\t\t<div class=\"elementor-widget-container\">\n\t\t\t\t\t<h1 class=\"elementor-heading-title elementor-size-default\">Su\u00edte VIP<\/h1>\t\t\t\t<\/div>\n\t\t\t\t<\/div>\n\t\t\t\t<div class=\"elementor-element elementor-element-27c1e13 elementor-widget-divider--view-line elementor-widget elementor-widget-divider\" data-id=\"27c1e13\" data-element_type=\"widget\" data-widget_type=\"divider.default\">\n\t\t\t\t<div class=\"elementor-widget-container\">\n\t\t\t\t\t\t\t<div class=\"elementor-divider\">\n\t\t\t<span class=\"elementor-divider-separator\">\n\t\t\t\t\t\t<\/span>\n\t\t<\/div>\n\t\t\t\t\t\t<\/div>\n\t\t\t\t<\/div>\n\t\t\t\t<div class=\"elementor-element elementor-element-fb6f06f elementor-widget elementor-widget-text-editor\" data-id=\"fb6f06f\" data-element_type=\"widget\" data-widget_type=\"text-editor.default\">\n\t\t\t\t<div class=\"elementor-widget-container\">\n\t\t\t\t\t\t\t\t\tCombinando sofistica\u00e7\u00e3o e conforto, esta su\u00edte foi pensada para quem busca momentos de prazer e descanso.\t\t\t\t\t\t\t\t<\/div>\n\t\t\t\t<\/div>\n\t\t\t\t<div class=\"elementor-element elementor-element-9696a03 elementor-widget elementor-widget-text-editor\" data-id=\"9696a03\" data-element_type=\"widget\" data-widget_type=\"text-editor.default\">\n\t\t\t\t<div class=\"elementor-widget-container\">\n\t\t\t\t\t\t\t\t\tA hidromassagem \u00e9 o ponto alto da su\u00edte, ideal para relaxar e renovar as energias. O espelho no teto adiciona um toque de charme e sensualidade ao ambiente, enquanto o Wi-Fi gratuito e a garagem privativa completam a experi\u00eancia com total conveni\u00eancia e discri\u00e7\u00e3o.\t\t\t\t\t\t\t\t<\/div>\n\t\t\t\t<\/div>\n\t\t\t\t<div class=\"elementor-element elementor-element-86d11f4 elementor-widget elementor-widget-text-editor\" data-id=\"86d11f4\" data-element_type=\"widget\" data-widget_type=\"text-editor.default\">\n\t\t\t\t<div class=\"elementor-widget-container\">\n\t\t\t\t\t\t\t\t\tO ambiente \u00e9 equipado com TV de 40 polegadas, frigobar, ar-condicionado e persianas motorizadas, garantindo praticidade e privacidade durante toda a estadia.\t\t\t\t\t\t\t\t<\/div>\n\t\t\t\t<\/div>\n\t\t\t\t<div class=\"elementor-element elementor-element-ad30bf0 elementor-widget elementor-widget-text-editor\" data-id=\"ad30bf0\" data-element_type=\"widget\" data-widget_type=\"text-editor.default\">\n\t\t\t\t<div class=\"elementor-widget-container\">\n\t\t\t\t\t\t\t\t\t<b>Valores<\/b> \t\t\t\t\t\t\t\t<\/div>\n\t\t\t\t<\/div>\n\t\t\t\t<div class=\"elementor-element elementor-element-dae60ac elementor-widget elementor-widget-text-editor\" data-id=\"dae60ac\" data-element_type=\"widget\" data-widget_type=\"text-editor.default\">\n\t\t\t\t<div class=\"elementor-widget-container\">\n\t\t\t\t\t\t\t\t\t<strong>Entrada entre (05:00 E 18:59 hs):<\/strong> 2 horas R$ 146,00 &#8211; sendo R$ 22,00 a hora adicional\t\t\t\t\t\t\t\t<\/div>\n\t\t\t\t<\/div>\n\t\t\t\t<div class=\"elementor-element elementor-element-0535b89 elementor-widget elementor-widget-text-editor\" data-id=\"0535b89\" data-element_type=\"widget\" data-widget_type=\"text-editor.default\">\n\t\t\t\t<div class=\"elementor-widget-container\">\n\t\t\t\t\t\t\t\t\t<strong>Entrada entre (19:00 E 04:59 hs):<\/strong> 2 horas R$ 160,00 &#8211; sendo R$ 22,00 a hora adicional\t\t\t\t\t\t\t\t<\/div>\n\t\t\t\t<\/div>\n\t\t\t\t<div class=\"elementor-element elementor-element-f2eb530 elementor-widget elementor-widget-text-editor\" data-id=\"f2eb530\" data-element_type=\"widget\" data-widget_type=\"text-editor.default\">\n\t\t\t\t<div class=\"elementor-widget-container\">\n\t\t\t\t\t\t\t\t\tToler\u00e2ncia m\u00e1ximo de 5 minutos. Valores para 2 Pessoas, acrescidos de 35% por pessoa adicional. \t\t\t\t\t\t\t\t<\/div>\n\t\t\t\t<\/div>\n\t\t\t\t<div class=\"elementor-element elementor-element-b6a2ee1 elementor-widget elementor-widget-text-editor\" data-id=\"b6a2ee1\" data-element_type=\"widget\" data-widget_type=\"text-editor.default\">\n\t\t\t\t<div class=\"elementor-widget-container\">\n\t\t\t\t\t\t\t\t\t<b>Valores Pernoites<\/b> \t\t\t\t\t\t\t\t<\/div>\n\t\t\t\t<\/div>\n\t\t\t\t<div class=\"elementor-element elementor-element-6ad5733 elementor-widget elementor-widget-text-editor\" data-id=\"6ad5733\" data-element_type=\"widget\" data-widget_type=\"text-editor.default\">\n\t\t\t\t<div class=\"elementor-widget-container\">\n\t\t\t\t\t\t\t\t\t<strong>Entrada entre (05:00 E 18:59 hs):<\/strong><ul>\n<li>8 horas R$ 278,00<\/li>\n<li>9 horas R$ 300,00<\/li>\n<li>10 horas R$ 322,00<\/li>\n<li>11 horas R$ 344,00<\/li>\n<li>12 horas R$ 366,00<\/li>\n<li>13 horas R$ 388,00<\/li>\n<li>14 horas R$ 410,00<\/li>\n<li>15 horas R$ 432,00<\/li>\n<\/ul>\t\t\t\t\t\t\t\t<\/div>\n\t\t\t\t<\/div>\n\t\t\t\t<div class=\"elementor-element elementor-element-41f3e2f elementor-widget elementor-widget-text-editor\" data-id=\"41f3e2f\" data-element_type=\"widget\" data-widget_type=\"text-editor.default\">\n\t\t\t\t<div class=\"elementor-widget-container\">\n\t\t\t\t\t\t\t\t\t<strong>Entrada entre (19:00 E 04:59 hs):<\/strong>\n<ul>\n<li>8 horas R$ 292,00<\/li>\n<li>9 horas R$ 314,00<\/li>\n<li>10 horas R$ 336,00<\/li>\n<li>11 horas R$ 358,00<\/li>\n<li>12 horas R$ 380,00<\/li>\n<li>13 horas R$ 402,00<\/li>\n<li>14 horas R$ 424,00<\/li>\n<li>15 horas R$ 446,00<\/li>\n<\/ul>\t\t\t\t\t\t\t\t<\/div>\n\t\t\t\t<\/div>\n\t\t\t\t<div class=\"elementor-element elementor-element-96107b8 elementor-widget elementor-widget-text-editor\" data-id=\"96107b8\" data-element_type=\"widget\" data-widget_type=\"text-editor.default\">\n\t\t\t\t<div class=\"elementor-widget-container\">\n\t\t\t\t\t\t\t\t\tToler\u00e2ncia m\u00e1ximo de 5 minutos. Valores para 2 Pessoas, acrescidos de 35% por pessoa adicional. \t\t\t\t\t\t\t\t<\/div>\n\t\t\t\t<\/div>\n\t\t\t\t<\/div>\n\t\t\t\t\t<\/div>\n\t\t\t\t<\/div>\n\t\t<div class=\"elementor-element elementor-element-bcccdbe e-flex e-con-boxed parallax_section_no qode_elementor_container_no e-con e-child\" data-id=\"bcccdbe\" data-element_type=\"container\" data-settings=\"{&quot;background_background&quot;:&quot;classic&quot;}\">\n\t\t\t\t\t<div class=\"e-con-inner\">\n\t\t\t\t\t<\/div>\n\t\t\t\t<\/div>\n\t\t\t\t<\/div>\n\t\t<div class=\"elementor-element elementor-element-4604523 e-con-full e-flex parallax_section_no qode_elementor_container_no e-con e-parent\" data-id=\"4604523\" data-element_type=\"container\" data-settings=\"{&quot;background_background&quot;:&quot;classic&quot;}\">\n\t\t<div class=\"elementor-element elementor-element-6cf9ff0 e-con-full e-flex parallax_section_no qode_elementor_container_no e-con e-child\" data-id=\"6cf9ff0\" data-element_type=\"container\">\n\t\t\t\t<div class=\"elementor-element elementor-element-9d8f909 elementor-arrows-position-inside elementor-widget elementor-widget-image-carousel\" data-id=\"9d8f909\" data-element_type=\"widget\" data-settings=\"{&quot;slides_to_show&quot;:&quot;4&quot;,&quot;navigation&quot;:&quot;arrows&quot;,&quot;lazyload&quot;:&quot;yes&quot;,&quot;slides_to_show_mobile&quot;:&quot;1&quot;,&quot;autoplay&quot;:&quot;yes&quot;,&quot;pause_on_hover&quot;:&quot;yes&quot;,&quot;pause_on_interaction&quot;:&quot;yes&quot;,&quot;autoplay_speed&quot;:5000,&quot;infinite&quot;:&quot;yes&quot;,&quot;speed&quot;:500}\" data-widget_type=\"image-carousel.default\">\n\t\t\t\t<div class=\"elementor-widget-container\">\n\t\t\t\t\t\t\t<div class=\"elementor-image-carousel-wrapper swiper\" role=\"region\" aria-roledescription=\"carousel\" aria-label=\"Carrossel de imagens\" dir=\"ltr\">\n\t\t\t<div class=\"elementor-image-carousel swiper-wrapper\" aria-live=\"off\">\n\t\t\t\t\t\t\t\t<div class=\"swiper-slide\" role=\"group\" aria-roledescription=\"slide\" aria-label=\"1 de 14\"><a data-elementor-open-lightbox=\"yes\" data-elementor-lightbox-slideshow=\"9d8f909\" data-elementor-lightbox-title=\"3\" data-e-action-hash=\"#elementor-action%3Aaction%3Dlightbox%26settings%3DeyJpZCI6NTU0LCJ1cmwiOiJodHRwczpcL1wvZGFsbGFzbW90ZWxzYy5jb20uYnJcL3Nhb2pvc2VcL3dwLWNvbnRlbnRcL3VwbG9hZHNcLzIwMjVcLzEwXC8zLnBuZyIsInNsaWRlc2hvdyI6IjlkOGY5MDkifQ%3D%3D\" href=\"https:\/\/dallasmotelsc.com.br\/saojose\/wp-content\/uploads\/2025\/10\/3.png\"><figure class=\"swiper-slide-inner\"><img class=\"swiper-slide-image swiper-lazy\" data-src=\"https:\/\/dallasmotelsc.com.br\/saojose\/wp-content\/uploads\/elementor\/thumbs\/3-rcmnrh5wcmj1pcutbu8mfgpu0pyb602o2mcr2v5fog.png\" alt=\"3\" \/><div class=\"swiper-lazy-preloader\"><\/div><\/figure><\/a><\/div><div class=\"swiper-slide\" role=\"group\" aria-roledescription=\"slide\" aria-label=\"2 de 14\"><a data-elementor-open-lightbox=\"yes\" data-elementor-lightbox-slideshow=\"9d8f909\" data-elementor-lightbox-title=\"5\" data-e-action-hash=\"#elementor-action%3Aaction%3Dlightbox%26settings%3DeyJpZCI6NTU2LCJ1cmwiOiJodHRwczpcL1wvZGFsbGFzbW90ZWxzYy5jb20uYnJcL3Nhb2pvc2VcL3dwLWNvbnRlbnRcL3VwbG9hZHNcLzIwMjVcLzEwXC81LnBuZyIsInNsaWRlc2hvdyI6IjlkOGY5MDkifQ%3D%3D\" href=\"https:\/\/dallasmotelsc.com.br\/saojose\/wp-content\/uploads\/2025\/10\/5.png\"><figure class=\"swiper-slide-inner\"><img class=\"swiper-slide-image swiper-lazy\" data-src=\"https:\/\/dallasmotelsc.com.br\/saojose\/wp-content\/uploads\/elementor\/thumbs\/5-rcmns9d21nlndnpur6ffi9lnua3bkx6m6hxbh5zmhs.png\" alt=\"5\" \/><div class=\"swiper-lazy-preloader\"><\/div><\/figure><\/a><\/div><div class=\"swiper-slide\" role=\"group\" aria-roledescription=\"slide\" aria-label=\"3 de 14\"><a data-elementor-open-lightbox=\"yes\" data-elementor-lightbox-slideshow=\"9d8f909\" data-elementor-lightbox-title=\"6\" data-e-action-hash=\"#elementor-action%3Aaction%3Dlightbox%26settings%3DeyJpZCI6NTU3LCJ1cmwiOiJodHRwczpcL1wvZGFsbGFzbW90ZWxzYy5jb20uYnJcL3Nhb2pvc2VcL3dwLWNvbnRlbnRcL3VwbG9hZHNcLzIwMjVcLzEwXC82LnBuZyIsInNsaWRlc2hvdyI6IjlkOGY5MDkifQ%3D%3D\" href=\"https:\/\/dallasmotelsc.com.br\/saojose\/wp-content\/uploads\/2025\/10\/6.png\"><figure class=\"swiper-slide-inner\"><img class=\"swiper-slide-image swiper-lazy\" data-src=\"https:\/\/dallasmotelsc.com.br\/saojose\/wp-content\/uploads\/elementor\/thumbs\/6-rcmnslkyii2dkl83rtpkwoinkaf3czj4k6emprhi8w.png\" alt=\"6\" \/><div class=\"swiper-lazy-preloader\"><\/div><\/figure><\/a><\/div><div class=\"swiper-slide\" role=\"group\" aria-roledescription=\"slide\" aria-label=\"4 de 14\"><a data-elementor-open-lightbox=\"yes\" data-elementor-lightbox-slideshow=\"9d8f909\" data-elementor-lightbox-title=\"7\" data-e-action-hash=\"#elementor-action%3Aaction%3Dlightbox%26settings%3DeyJpZCI6NTU4LCJ1cmwiOiJodHRwczpcL1wvZGFsbGFzbW90ZWxzYy5jb20uYnJcL3Nhb2pvc2VcL3dwLWNvbnRlbnRcL3VwbG9hZHNcLzIwMjVcLzEwXC83LnBuZyIsInNsaWRlc2hvdyI6IjlkOGY5MDkifQ%3D%3D\" href=\"https:\/\/dallasmotelsc.com.br\/saojose\/wp-content\/uploads\/2025\/10\/7.png\"><figure class=\"swiper-slide-inner\"><img class=\"swiper-slide-image swiper-lazy\" data-src=\"https:\/\/dallasmotelsc.com.br\/saojose\/wp-content\/uploads\/elementor\/thumbs\/7-rcmnsyqp66ke34ozmzecvl73vom8cqzd9zjffmxzts.png\" alt=\"7\" \/><div class=\"swiper-lazy-preloader\"><\/div><\/figure><\/a><\/div><div class=\"swiper-slide\" role=\"group\" aria-roledescription=\"slide\" aria-label=\"5 de 14\"><a data-elementor-open-lightbox=\"yes\" data-elementor-lightbox-slideshow=\"9d8f909\" data-elementor-lightbox-title=\"8\" data-e-action-hash=\"#elementor-action%3Aaction%3Dlightbox%26settings%3DeyJpZCI6NTU5LCJ1cmwiOiJodHRwczpcL1wvZGFsbGFzbW90ZWxzYy5jb20uYnJcL3Nhb2pvc2VcL3dwLWNvbnRlbnRcL3VwbG9hZHNcLzIwMjVcLzEwXC84LnBuZyIsInNsaWRlc2hvdyI6IjlkOGY5MDkifQ%3D%3D\" href=\"https:\/\/dallasmotelsc.com.br\/saojose\/wp-content\/uploads\/2025\/10\/8.png\"><figure class=\"swiper-slide-inner\"><img class=\"swiper-slide-image swiper-lazy\" data-src=\"https:\/\/dallasmotelsc.com.br\/saojose\/wp-content\/uploads\/elementor\/thumbs\/8-rcmntayln114a278nmoia043loy04tbvno0qo8fvkw.png\" alt=\"8\" \/><div class=\"swiper-lazy-preloader\"><\/div><\/figure><\/a><\/div><div class=\"swiper-slide\" role=\"group\" aria-roledescription=\"slide\" aria-label=\"6 de 14\"><a data-elementor-open-lightbox=\"yes\" data-elementor-lightbox-slideshow=\"9d8f909\" data-elementor-lightbox-title=\"9\" data-e-action-hash=\"#elementor-action%3Aaction%3Dlightbox%26settings%3DeyJpZCI6NTYwLCJ1cmwiOiJodHRwczpcL1wvZGFsbGFzbW90ZWxzYy5jb20uYnJcL3Nhb2pvc2VcL3dwLWNvbnRlbnRcL3VwbG9hZHNcLzIwMjVcLzEwXC85LnBuZyIsInNsaWRlc2hvdyI6IjlkOGY5MDkifQ%3D%3D\" href=\"https:\/\/dallasmotelsc.com.br\/saojose\/wp-content\/uploads\/2025\/10\/9.png\"><figure class=\"swiper-slide-inner\"><img class=\"swiper-slide-image swiper-lazy\" data-src=\"https:\/\/dallasmotelsc.com.br\/saojose\/wp-content\/uploads\/elementor\/thumbs\/9-rcmntp26hjkf47mrdarwtek0ih0ic9vuplt0vduyzk.png\" alt=\"9\" \/><div class=\"swiper-lazy-preloader\"><\/div><\/figure><\/a><\/div><div class=\"swiper-slide\" role=\"group\" aria-roledescription=\"slide\" aria-label=\"7 de 14\"><a data-elementor-open-lightbox=\"yes\" data-elementor-lightbox-slideshow=\"9d8f909\" data-elementor-lightbox-title=\"10\" data-e-action-hash=\"#elementor-action%3Aaction%3Dlightbox%26settings%3DeyJpZCI6NTYxLCJ1cmwiOiJodHRwczpcL1wvZGFsbGFzbW90ZWxzYy5jb20uYnJcL3Nhb2pvc2VcL3dwLWNvbnRlbnRcL3VwbG9hZHNcLzIwMjVcLzEwXC8xMC5wbmciLCJzbGlkZXNob3ciOiI5ZDhmOTA5In0%3D\" href=\"https:\/\/dallasmotelsc.com.br\/saojose\/wp-content\/uploads\/2025\/10\/10.png\"><figure class=\"swiper-slide-inner\"><img class=\"swiper-slide-image swiper-lazy\" data-src=\"https:\/\/dallasmotelsc.com.br\/saojose\/wp-content\/uploads\/elementor\/thumbs\/10-rcmnu35rc23pyd2a2yvbcszxf930jqftrjlb2ja2e8.png\" alt=\"10\" \/><div class=\"swiper-lazy-preloader\"><\/div><\/figure><\/a><\/div><div class=\"swiper-slide\" role=\"group\" aria-roledescription=\"slide\" aria-label=\"8 de 14\"><a data-elementor-open-lightbox=\"yes\" data-elementor-lightbox-slideshow=\"9d8f909\" data-elementor-lightbox-title=\"11\" data-e-action-hash=\"#elementor-action%3Aaction%3Dlightbox%26settings%3DeyJpZCI6NTYyLCJ1cmwiOiJodHRwczpcL1wvZGFsbGFzbW90ZWxzYy5jb20uYnJcL3Nhb2pvc2VcL3dwLWNvbnRlbnRcL3VwbG9hZHNcLzIwMjVcLzEwXC8xMS5wbmciLCJzbGlkZXNob3ciOiI5ZDhmOTA5In0%3D\" href=\"https:\/\/dallasmotelsc.com.br\/saojose\/wp-content\/uploads\/2025\/10\/11.png\"><figure class=\"swiper-slide-inner\"><img class=\"swiper-slide-image swiper-lazy\" data-src=\"https:\/\/dallasmotelsc.com.br\/saojose\/wp-content\/uploads\/elementor\/thumbs\/11-rcmnuh9c6kn0sihssmypw7fuc15ir6zsthdl9op5sw.png\" alt=\"11\" \/><div class=\"swiper-lazy-preloader\"><\/div><\/figure><\/a><\/div><div class=\"swiper-slide\" role=\"group\" aria-roledescription=\"slide\" aria-label=\"9 de 14\"><a data-elementor-open-lightbox=\"yes\" data-elementor-lightbox-slideshow=\"9d8f909\" data-elementor-lightbox-title=\"12\" data-e-action-hash=\"#elementor-action%3Aaction%3Dlightbox%26settings%3DeyJpZCI6NTYzLCJ1cmwiOiJodHRwczpcL1wvZGFsbGFzbW90ZWxzYy5jb20uYnJcL3Nhb2pvc2VcL3dwLWNvbnRlbnRcL3VwbG9hZHNcLzIwMjVcLzEwXC8xMi5wbmciLCJzbGlkZXNob3ciOiI5ZDhmOTA5In0%3D\" href=\"https:\/\/dallasmotelsc.com.br\/saojose\/wp-content\/uploads\/2025\/10\/12.png\"><figure class=\"swiper-slide-inner\"><img class=\"swiper-slide-image swiper-lazy\" data-src=\"https:\/\/dallasmotelsc.com.br\/saojose\/wp-content\/uploads\/elementor\/thumbs\/12-rcmnuuf2u951b1yonsnhv44anfcnqyg1jaidzk5nds.png\" alt=\"12\" \/><div class=\"swiper-lazy-preloader\"><\/div><\/figure><\/a><\/div><div class=\"swiper-slide\" role=\"group\" aria-roledescription=\"slide\" aria-label=\"10 de 14\"><a data-elementor-open-lightbox=\"yes\" data-elementor-lightbox-slideshow=\"9d8f909\" data-elementor-lightbox-title=\"13\" data-e-action-hash=\"#elementor-action%3Aaction%3Dlightbox%26settings%3DeyJpZCI6NTY0LCJ1cmwiOiJodHRwczpcL1wvZGFsbGFzbW90ZWxzYy5jb20uYnJcL3Nhb2pvc2VcL3dwLWNvbnRlbnRcL3VwbG9hZHNcLzIwMjVcLzEwXC8xMy5wbmciLCJzbGlkZXNob3ciOiI5ZDhmOTA5In0%3D\" href=\"https:\/\/dallasmotelsc.com.br\/saojose\/wp-content\/uploads\/2025\/10\/13.png\"><figure class=\"swiper-slide-inner\"><img class=\"swiper-slide-image swiper-lazy\" data-src=\"https:\/\/dallasmotelsc.com.br\/saojose\/wp-content\/uploads\/elementor\/thumbs\/13-rcmnv7kthxn1tlfkiyc9u0sqytjsqpwa93n6pfm4yo.png\" alt=\"13\" \/><div class=\"swiper-lazy-preloader\"><\/div><\/figure><\/a><\/div><div class=\"swiper-slide\" role=\"group\" aria-roledescription=\"slide\" aria-label=\"11 de 14\"><a data-elementor-open-lightbox=\"yes\" data-elementor-lightbox-slideshow=\"9d8f909\" data-elementor-lightbox-title=\"14\" data-e-action-hash=\"#elementor-action%3Aaction%3Dlightbox%26settings%3DeyJpZCI6NTY1LCJ1cmwiOiJodHRwczpcL1wvZGFsbGFzbW90ZWxzYy5jb20uYnJcL3Nhb2pvc2VcL3dwLWNvbnRlbnRcL3VwbG9hZHNcLzIwMjVcLzEwXC8xNC5wbmciLCJzbGlkZXNob3ciOiI5ZDhmOTA5In0%3D\" href=\"https:\/\/dallasmotelsc.com.br\/saojose\/wp-content\/uploads\/2025\/10\/14.png\"><figure class=\"swiper-slide-inner\"><img class=\"swiper-slide-image swiper-lazy\" data-src=\"https:\/\/dallasmotelsc.com.br\/saojose\/wp-content\/uploads\/elementor\/thumbs\/14-rcmnvkqk5m52c4wge411sxh7a7qxqhciywrzfb2mjk.png\" alt=\"14\" \/><div class=\"swiper-lazy-preloader\"><\/div><\/figure><\/a><\/div><div class=\"swiper-slide\" role=\"group\" aria-roledescription=\"slide\" aria-label=\"12 de 14\"><a data-elementor-open-lightbox=\"yes\" data-elementor-lightbox-slideshow=\"9d8f909\" data-elementor-lightbox-title=\"15\" data-e-action-hash=\"#elementor-action%3Aaction%3Dlightbox%26settings%3DeyJpZCI6NTY2LCJ1cmwiOiJodHRwczpcL1wvZGFsbGFzbW90ZWxzYy5jb20uYnJcL3Nhb2pvc2VcL3dwLWNvbnRlbnRcL3VwbG9hZHNcLzIwMjVcLzEwXC8xNS5wbmciLCJzbGlkZXNob3ciOiI5ZDhmOTA5In0%3D\" href=\"https:\/\/dallasmotelsc.com.br\/saojose\/wp-content\/uploads\/2025\/10\/15.png\"><figure class=\"swiper-slide-inner\"><img class=\"swiper-slide-image swiper-lazy\" data-src=\"https:\/\/dallasmotelsc.com.br\/saojose\/wp-content\/uploads\/elementor\/thumbs\/15-rcmnvxwatan2uodc99ptru5nlly2q8sropws56j44g.png\" alt=\"15\" \/><div class=\"swiper-lazy-preloader\"><\/div><\/figure><\/a><\/div><div class=\"swiper-slide\" role=\"group\" aria-roledescription=\"slide\" aria-label=\"13 de 14\"><a data-elementor-open-lightbox=\"yes\" data-elementor-lightbox-slideshow=\"9d8f909\" data-elementor-lightbox-title=\"1\" data-e-action-hash=\"#elementor-action%3Aaction%3Dlightbox%26settings%3DeyJpZCI6NTY3LCJ1cmwiOiJodHRwczpcL1wvZGFsbGFzbW90ZWxzYy5jb20uYnJcL3Nhb2pvc2VcL3dwLWNvbnRlbnRcL3VwbG9hZHNcLzIwMjVcLzEwXC8xLnBuZyIsInNsaWRlc2hvdyI6IjlkOGY5MDkifQ%3D%3D\" href=\"https:\/\/dallasmotelsc.com.br\/saojose\/wp-content\/uploads\/2025\/10\/1.png\"><figure class=\"swiper-slide-inner\"><img class=\"swiper-slide-image swiper-lazy\" data-src=\"https:\/\/dallasmotelsc.com.br\/saojose\/wp-content\/uploads\/elementor\/thumbs\/1-rcmnwa47a53t1lvl9wzz692nbm9uib5a2ee3ds0zvk.png\" alt=\"1\" \/><div class=\"swiper-lazy-preloader\"><\/div><\/figure><\/a><\/div><div class=\"swiper-slide\" role=\"group\" aria-roledescription=\"slide\" aria-label=\"14 de 14\"><a data-elementor-open-lightbox=\"yes\" data-elementor-lightbox-slideshow=\"9d8f909\" data-elementor-lightbox-title=\"2\" data-e-action-hash=\"#elementor-action%3Aaction%3Dlightbox%26settings%3DeyJpZCI6NTY4LCJ1cmwiOiJodHRwczpcL1wvZGFsbGFzbW90ZWxzYy5jb20uYnJcL3Nhb2pvc2VcL3dwLWNvbnRlbnRcL3VwbG9hZHNcLzIwMjVcLzEwXC8yLnBuZyIsInNsaWRlc2hvdyI6IjlkOGY5MDkifQ%3D%3D\" href=\"https:\/\/dallasmotelsc.com.br\/saojose\/wp-content\/uploads\/2025\/10\/2.png\"><figure class=\"swiper-slide-inner\"><img class=\"swiper-slide-image swiper-lazy\" data-src=\"https:\/\/dallasmotelsc.com.br\/saojose\/wp-content\/uploads\/elementor\/thumbs\/2-rcmnwmc3qzkj8jduaka4knzn1mlmadhsg2vemdivmo.png\" alt=\"2\" \/><div class=\"swiper-lazy-preloader\"><\/div><\/figure><\/a><\/div>\t\t\t<\/div>\n\t\t\t\t\t\t\t\t\t\t\t\t<div class=\"elementor-swiper-button elementor-swiper-button-prev\" role=\"button\" tabindex=\"0\">\n\t\t\t\t\t\t<i aria-hidden=\"true\" class=\"eicon-chevron-left\"><\/i>\t\t\t\t\t<\/div>\n\t\t\t\t\t<div class=\"elementor-swiper-button elementor-swiper-button-next\" role=\"button\" tabindex=\"0\">\n\t\t\t\t\t\t<i aria-hidden=\"true\" class=\"eicon-chevron-right\"><\/i>\t\t\t\t\t<\/div>\n\t\t\t\t\n\t\t\t\t\t\t\t\t\t<\/div>\n\t\t\t\t\t\t<\/div>\n\t\t\t\t<\/div>\n\t\t\t\t<\/div>\n\t\t\t\t<\/div>\n\t\t\t\t<\/div>\n\t\t","protected":false},"excerpt":{"rendered":"<p>Su\u00edte VIP Combinando sofistica\u00e7\u00e3o e conforto, esta su\u00edte foi pensada para quem busca momentos de prazer e descanso.A hidromassagem \u00e9 o ponto alto da su\u00edte, ideal para relaxar e renovar as energias. O espelho no teto adiciona um toque de charme e sensualidade ao ambiente,&#8230;<\/p>\n","protected":false},"author":1,"featured_media":0,"parent":0,"menu_order":0,"comment_status":"closed","ping_status":"closed","template":"elementor_header_footer","meta":{"footnotes":""},"class_list":["post-548","page","type-page","status-publish","hentry"],"_links":{"self":[{"href":"https:\/\/dallasmotelsc.com.br\/saojose\/wp-json\/wp\/v2\/pages\/548","targetHints":{"allow":["GET"]}}],"collection":[{"href":"https:\/\/dallasmotelsc.com.br\/saojose\/wp-json\/wp\/v2\/pages"}],"about":[{"href":"https:\/\/dallasmotelsc.com.br\/saojose\/wp-json\/wp\/v2\/types\/page"}],"author":[{"embeddable":true,"href":"https:\/\/dallasmotelsc.com.br\/saojose\/wp-json\/wp\/v2\/users\/1"}],"replies":[{"embeddable":true,"href":"https:\/\/dallasmotelsc.com.br\/saojose\/wp-json\/wp\/v2\/comments?post=548"}],"version-history":[{"count":72,"href":"https:\/\/dallasmotelsc.com.br\/saojose\/wp-json\/wp\/v2\/pages\/548\/revisions"}],"predecessor-version":[{"id":1276,"href":"https:\/\/dallasmotelsc.com.br\/saojose\/wp-json\/wp\/v2\/pages\/548\/revisions\/1276"}],"wp:attachment":[{"href":"https:\/\/dallasmotelsc.com.br\/saojose\/wp-json\/wp\/v2\/media?parent=548"}],"curies":[{"name":"wp","href":"https:\/\/api.w.org\/{rel}","templated":true}]}}