{"id":895,"date":"2025-10-10T14:38:46","date_gmt":"2025-10-10T14:38:46","guid":{"rendered":"https:\/\/dallasmotelsc.com.br\/biguacu\/?page_id=895"},"modified":"2025-10-20T18:17:59","modified_gmt":"2025-10-20T18:17:59","slug":"suites-premium","status":"publish","type":"page","link":"https:\/\/dallasmotelsc.com.br\/biguacu\/suites-premium\/","title":{"rendered":"Su\u00edtes Premium"},"content":{"rendered":"\t\t<div data-elementor-type=\"wp-page\" data-elementor-id=\"895\" class=\"elementor elementor-895\" data-elementor-post-type=\"page\">\n\t\t\t\t<div class=\"elementor-element elementor-element-bcae39b e-con-full e-flex parallax_section_no qode_elementor_container_no e-con e-parent\" data-id=\"bcae39b\" data-element_type=\"container\" data-settings=\"{&quot;background_background&quot;:&quot;classic&quot;}\">\n\t\t<div class=\"elementor-element elementor-element-eb66241 e-flex e-con-boxed parallax_section_no qode_elementor_container_no e-con e-child\" data-id=\"eb66241\" data-element_type=\"container\" data-settings=\"{&quot;background_background&quot;:&quot;classic&quot;}\">\n\t\t\t\t\t<div class=\"e-con-inner\">\n\t\t<div class=\"elementor-element elementor-element-03518b2 e-con-full e-flex parallax_section_no qode_elementor_container_no e-con e-child\" data-id=\"03518b2\" data-element_type=\"container\">\n\t\t\t\t<div class=\"elementor-element elementor-element-abe3709 elementor-widget elementor-widget-heading\" data-id=\"abe3709\" data-element_type=\"widget\" data-widget_type=\"heading.default\">\n\t\t\t\t<div class=\"elementor-widget-container\">\n\t\t\t\t\t<h1 class=\"elementor-heading-title elementor-size-default\">Su\u00edtes Premium<\/h1>\t\t\t\t<\/div>\n\t\t\t\t<\/div>\n\t\t\t\t<div class=\"elementor-element elementor-element-27c1e13 elementor-widget-divider--view-line elementor-widget elementor-widget-divider\" data-id=\"27c1e13\" data-element_type=\"widget\" data-widget_type=\"divider.default\">\n\t\t\t\t<div class=\"elementor-widget-container\">\n\t\t\t\t\t\t\t<div class=\"elementor-divider\">\n\t\t\t<span class=\"elementor-divider-separator\">\n\t\t\t\t\t\t<\/span>\n\t\t<\/div>\n\t\t\t\t\t\t<\/div>\n\t\t\t\t<\/div>\n\t\t\t\t<div class=\"elementor-element elementor-element-edb9dff elementor-widget elementor-widget-text-editor\" data-id=\"edb9dff\" data-element_type=\"widget\" data-widget_type=\"text-editor.default\">\n\t\t\t\t<div class=\"elementor-widget-container\">\n\t\t\t\t\t\t\t\t\tProjetada para proporcionar conforto e momentos de puro relaxamento, esta su\u00edte combina modernidade, privacidade e sofistica\u00e7\u00e3o. Equipada com TV de 40 polegadas, frigobar e ar-condicionado, oferece o ambiente perfeito para descansar e aproveitar cada instante. \t\t\t\t\t\t\t\t<\/div>\n\t\t\t\t<\/div>\n\t\t\t\t<div class=\"elementor-element elementor-element-f89679d elementor-widget elementor-widget-text-editor\" data-id=\"f89679d\" data-element_type=\"widget\" data-widget_type=\"text-editor.default\">\n\t\t\t\t<div class=\"elementor-widget-container\">\n\t\t\t\t\t\t\t\t\tA hidromassagem de 1,20 x 1,80m e a sauna \u00famida garantem uma experi\u00eancia de bem-estar completa, enquanto as duas duchas proporcionam ainda mais conforto. O espelho no teto adiciona um toque de sensualidade e charme ao espa\u00e7o. \t\t\t\t\t\t\t\t<\/div>\n\t\t\t\t<\/div>\n\t\t\t\t<div class=\"elementor-element elementor-element-69ed0d6 elementor-widget elementor-widget-text-editor\" data-id=\"69ed0d6\" data-element_type=\"widget\" data-widget_type=\"text-editor.default\">\n\t\t\t\t<div class=\"elementor-widget-container\">\n\t\t\t\t\t\t\t\t\tCom Wi-Fi gratuito e garagem privativa, a su\u00edte oferece tudo o que \u00e9 necess\u00e1rio para uma estadia inesquec\u00edvel, com total comodidade e discri\u00e7\u00e3o. \t\t\t\t\t\t\t\t<\/div>\n\t\t\t\t<\/div>\n\t\t\t\t<div class=\"elementor-element elementor-element-2bfdb8a elementor-widget elementor-widget-text-editor\" data-id=\"2bfdb8a\" data-element_type=\"widget\" data-widget_type=\"text-editor.default\">\n\t\t\t\t<div class=\"elementor-widget-container\">\n\t\t\t\t\t\t\t\t\t<b>Valores<\/b> \t\t\t\t\t\t\t\t<\/div>\n\t\t\t\t<\/div>\n\t\t\t\t<div class=\"elementor-element elementor-element-d14fa0c elementor-widget elementor-widget-text-editor\" data-id=\"d14fa0c\" data-element_type=\"widget\" data-widget_type=\"text-editor.default\">\n\t\t\t\t<div class=\"elementor-widget-container\">\n\t\t\t\t\t\t\t\t\t<strong>Entrada entre (04:00 E 17:59 hs):<\/strong> R$ 152,00 &#8211; sendo R$ 24,00 a hora adicional \t\t\t\t\t\t\t\t<\/div>\n\t\t\t\t<\/div>\n\t\t\t\t<div class=\"elementor-element elementor-element-bdfbef9 elementor-widget elementor-widget-text-editor\" data-id=\"bdfbef9\" data-element_type=\"widget\" data-widget_type=\"text-editor.default\">\n\t\t\t\t<div class=\"elementor-widget-container\">\n\t\t\t\t\t\t\t\t\t<strong>Entrada entre (18:00 E 03:59 hs):<\/strong> R$ 164,00 &#8211; sendo R$ 26,00 a hora adicional \t\t\t\t\t\t\t\t<\/div>\n\t\t\t\t<\/div>\n\t\t\t\t<div class=\"elementor-element elementor-element-284b671 elementor-widget elementor-widget-text-editor\" data-id=\"284b671\" data-element_type=\"widget\" data-widget_type=\"text-editor.default\">\n\t\t\t\t<div class=\"elementor-widget-container\">\n\t\t\t\t\t\t\t\t\tToler\u00e2ncia m\u00e1ximo de 5 minutos. Valores para 2 Pessoas, acrescidos de 35% por pessoa adicional. \t\t\t\t\t\t\t\t<\/div>\n\t\t\t\t<\/div>\n\t\t\t\t<\/div>\n\t\t\t\t\t<\/div>\n\t\t\t\t<\/div>\n\t\t<div class=\"elementor-element elementor-element-bcccdbe e-flex e-con-boxed parallax_section_no qode_elementor_container_no e-con e-child\" data-id=\"bcccdbe\" data-element_type=\"container\" data-settings=\"{&quot;background_background&quot;:&quot;classic&quot;}\">\n\t\t\t\t\t<div class=\"e-con-inner\">\n\t\t\t\t\t<\/div>\n\t\t\t\t<\/div>\n\t\t\t\t<\/div>\n\t\t<div class=\"elementor-element elementor-element-4604523 e-con-full e-flex parallax_section_no qode_elementor_container_no e-con e-parent\" data-id=\"4604523\" data-element_type=\"container\" data-settings=\"{&quot;background_background&quot;:&quot;classic&quot;}\">\n\t\t<div class=\"elementor-element elementor-element-6cf9ff0 e-con-full e-flex parallax_section_no qode_elementor_container_no e-con e-child\" data-id=\"6cf9ff0\" data-element_type=\"container\">\n\t\t\t\t<div class=\"elementor-element elementor-element-dbcf3d9 elementor-arrows-position-inside elementor-widget elementor-widget-image-carousel\" data-id=\"dbcf3d9\" data-element_type=\"widget\" data-settings=\"{&quot;slides_to_show&quot;:&quot;4&quot;,&quot;navigation&quot;:&quot;arrows&quot;,&quot;lazyload&quot;:&quot;yes&quot;,&quot;slides_to_show_mobile&quot;:&quot;1&quot;,&quot;autoplay&quot;:&quot;yes&quot;,&quot;pause_on_hover&quot;:&quot;yes&quot;,&quot;pause_on_interaction&quot;:&quot;yes&quot;,&quot;autoplay_speed&quot;:5000,&quot;infinite&quot;:&quot;yes&quot;,&quot;speed&quot;:500}\" data-widget_type=\"image-carousel.default\">\n\t\t\t\t<div class=\"elementor-widget-container\">\n\t\t\t\t\t\t\t<div class=\"elementor-image-carousel-wrapper swiper\" role=\"region\" aria-roledescription=\"carousel\" aria-label=\"Carrossel de imagens\" dir=\"ltr\">\n\t\t\t<div class=\"elementor-image-carousel swiper-wrapper\" aria-live=\"off\">\n\t\t\t\t\t\t\t\t<div class=\"swiper-slide\" role=\"group\" aria-roledescription=\"slide\" aria-label=\"1 de 19\"><a data-elementor-open-lightbox=\"yes\" data-elementor-lightbox-slideshow=\"dbcf3d9\" data-elementor-lightbox-title=\"suites-premium (17)\" data-e-action-hash=\"#elementor-action%3Aaction%3Dlightbox%26settings%3DeyJpZCI6MTA5NiwidXJsIjoiaHR0cHM6XC9cL2RhbGxhc21vdGVsc2MuY29tLmJyXC9iaWd1YWN1XC93cC1jb250ZW50XC91cGxvYWRzXC8yMDI1XC8xMFwvc3VpdGVzLXByZW1pdW0tMTctMS5qcGciLCJzbGlkZXNob3ciOiJkYmNmM2Q5In0%3D\" href=\"https:\/\/dallasmotelsc.com.br\/biguacu\/wp-content\/uploads\/2025\/10\/suites-premium-17-1.jpg\"><figure class=\"swiper-slide-inner\"><img class=\"swiper-slide-image swiper-lazy\" data-src=\"https:\/\/dallasmotelsc.com.br\/biguacu\/wp-content\/uploads\/elementor\/thumbs\/suites-premium-17-1-rd5ozdkv6h0wkncr46bnu3sw3r0f3gxfxe47p5t4m8.jpg\" alt=\"suites-premium (17)\" \/><div class=\"swiper-lazy-preloader\"><\/div><\/figure><\/a><\/div><div class=\"swiper-slide\" role=\"group\" aria-roledescription=\"slide\" aria-label=\"2 de 19\"><a data-elementor-open-lightbox=\"yes\" data-elementor-lightbox-slideshow=\"dbcf3d9\" data-elementor-lightbox-title=\"suites-premium (18)\" data-e-action-hash=\"#elementor-action%3Aaction%3Dlightbox%26settings%3DeyJpZCI6MTA5NywidXJsIjoiaHR0cHM6XC9cL2RhbGxhc21vdGVsc2MuY29tLmJyXC9iaWd1YWN1XC93cC1jb250ZW50XC91cGxvYWRzXC8yMDI1XC8xMFwvc3VpdGVzLXByZW1pdW0tMTgtMS5qcGciLCJzbGlkZXNob3ciOiJkYmNmM2Q5In0%3D\" href=\"https:\/\/dallasmotelsc.com.br\/biguacu\/wp-content\/uploads\/2025\/10\/suites-premium-18-1.jpg\"><figure class=\"swiper-slide-inner\"><img class=\"swiper-slide-image swiper-lazy\" data-src=\"https:\/\/dallasmotelsc.com.br\/biguacu\/wp-content\/uploads\/elementor\/thumbs\/suites-premium-18-1-rd5ozfgjk53h7va0t74wz3btair5iv4wlnf6npqc9s.jpg\" alt=\"suites-premium (18)\" \/><div class=\"swiper-lazy-preloader\"><\/div><\/figure><\/a><\/div><div class=\"swiper-slide\" role=\"group\" aria-roledescription=\"slide\" aria-label=\"3 de 19\"><a data-elementor-open-lightbox=\"yes\" data-elementor-lightbox-slideshow=\"dbcf3d9\" data-elementor-lightbox-title=\"suites-premium (19)\" data-e-action-hash=\"#elementor-action%3Aaction%3Dlightbox%26settings%3DeyJpZCI6MTA5OCwidXJsIjoiaHR0cHM6XC9cL2RhbGxhc21vdGVsc2MuY29tLmJyXC9iaWd1YWN1XC93cC1jb250ZW50XC91cGxvYWRzXC8yMDI1XC8xMFwvc3VpdGVzLXByZW1pdW0tMTktMS5qcGciLCJzbGlkZXNob3ciOiJkYmNmM2Q5In0%3D\" href=\"https:\/\/dallasmotelsc.com.br\/biguacu\/wp-content\/uploads\/2025\/10\/suites-premium-19-1.jpg\"><figure class=\"swiper-slide-inner\"><img class=\"swiper-slide-image swiper-lazy\" data-src=\"https:\/\/dallasmotelsc.com.br\/biguacu\/wp-content\/uploads\/elementor\/thumbs\/suites-premium-19-1-rd5ozhc7xt61v37ai7y642uqhahvy9cd9wq5m9njxc.jpg\" alt=\"suites-premium (19)\" \/><div class=\"swiper-lazy-preloader\"><\/div><\/figure><\/a><\/div><div class=\"swiper-slide\" role=\"group\" aria-roledescription=\"slide\" aria-label=\"4 de 19\"><a data-elementor-open-lightbox=\"yes\" data-elementor-lightbox-slideshow=\"dbcf3d9\" data-elementor-lightbox-title=\"suites-premium\" data-e-action-hash=\"#elementor-action%3Aaction%3Dlightbox%26settings%3DeyJpZCI6MTA5OSwidXJsIjoiaHR0cHM6XC9cL2RhbGxhc21vdGVsc2MuY29tLmJyXC9iaWd1YWN1XC93cC1jb250ZW50XC91cGxvYWRzXC8yMDI1XC8xMFwvc3VpdGVzLXByZW1pdW0tMS5qcGciLCJzbGlkZXNob3ciOiJkYmNmM2Q5In0%3D\" href=\"https:\/\/dallasmotelsc.com.br\/biguacu\/wp-content\/uploads\/2025\/10\/suites-premium-1.jpg\"><figure class=\"swiper-slide-inner\"><img class=\"swiper-slide-image swiper-lazy\" data-src=\"https:\/\/dallasmotelsc.com.br\/biguacu\/wp-content\/uploads\/elementor\/thumbs\/suites-premium-1-rd5ozia24n7c6p5xcqcsokm72od95yg3m1dn3jm5r4.jpg\" alt=\"suites-premium\" \/><div class=\"swiper-lazy-preloader\"><\/div><\/figure><\/a><\/div><div class=\"swiper-slide\" role=\"group\" aria-roledescription=\"slide\" aria-label=\"5 de 19\"><a data-elementor-open-lightbox=\"yes\" data-elementor-lightbox-slideshow=\"dbcf3d9\" data-elementor-lightbox-title=\"suites-premium (2)\" data-e-action-hash=\"#elementor-action%3Aaction%3Dlightbox%26settings%3DeyJpZCI6MTEwMCwidXJsIjoiaHR0cHM6XC9cL2RhbGxhc21vdGVsc2MuY29tLmJyXC9iaWd1YWN1XC93cC1jb250ZW50XC91cGxvYWRzXC8yMDI1XC8xMFwvc3VpdGVzLXByZW1pdW0tMi0xLmpwZyIsInNsaWRlc2hvdyI6ImRiY2YzZDkifQ%3D%3D\" href=\"https:\/\/dallasmotelsc.com.br\/biguacu\/wp-content\/uploads\/2025\/10\/suites-premium-2-1.jpg\"><figure class=\"swiper-slide-inner\"><img class=\"swiper-slide-image swiper-lazy\" data-src=\"https:\/\/dallasmotelsc.com.br\/biguacu\/wp-content\/uploads\/elementor\/thumbs\/suites-premium-2-1-rd5ozk5qib9wtx371r61tk549g3zlcnkaaom23jdeo.jpg\" alt=\"suites-premium (2)\" \/><div class=\"swiper-lazy-preloader\"><\/div><\/figure><\/a><\/div><div class=\"swiper-slide\" role=\"group\" aria-roledescription=\"slide\" aria-label=\"6 de 19\"><a data-elementor-open-lightbox=\"yes\" data-elementor-lightbox-slideshow=\"dbcf3d9\" data-elementor-lightbox-title=\"suites-premium (3)\" data-e-action-hash=\"#elementor-action%3Aaction%3Dlightbox%26settings%3DeyJpZCI6MTEwMSwidXJsIjoiaHR0cHM6XC9cL2RhbGxhc21vdGVsc2MuY29tLmJyXC9iaWd1YWN1XC93cC1jb250ZW50XC91cGxvYWRzXC8yMDI1XC8xMFwvc3VpdGVzLXByZW1pdW0tMy0xLmpwZyIsInNsaWRlc2hvdyI6ImRiY2YzZDkifQ%3D%3D\" href=\"https:\/\/dallasmotelsc.com.br\/biguacu\/wp-content\/uploads\/2025\/10\/suites-premium-3-1.jpg\"><figure class=\"swiper-slide-inner\"><img class=\"swiper-slide-image swiper-lazy\" data-src=\"https:\/\/dallasmotelsc.com.br\/biguacu\/wp-content\/uploads\/elementor\/thumbs\/suites-premium-3-1-rd5ozm1evzchh50gqrzayjo1g7uq0qv0yjzl0ngl28.jpg\" alt=\"suites-premium (3)\" \/><div class=\"swiper-lazy-preloader\"><\/div><\/figure><\/a><\/div><div class=\"swiper-slide\" role=\"group\" aria-roledescription=\"slide\" aria-label=\"7 de 19\"><a data-elementor-open-lightbox=\"yes\" data-elementor-lightbox-slideshow=\"dbcf3d9\" data-elementor-lightbox-title=\"suites-premium (4)\" data-e-action-hash=\"#elementor-action%3Aaction%3Dlightbox%26settings%3DeyJpZCI6MTEwMiwidXJsIjoiaHR0cHM6XC9cL2RhbGxhc21vdGVsc2MuY29tLmJyXC9iaWd1YWN1XC93cC1jb250ZW50XC91cGxvYWRzXC8yMDI1XC8xMFwvc3VpdGVzLXByZW1pdW0tNC0xLmpwZyIsInNsaWRlc2hvdyI6ImRiY2YzZDkifQ%3D%3D\" href=\"https:\/\/dallasmotelsc.com.br\/biguacu\/wp-content\/uploads\/2025\/10\/suites-premium-4-1.jpg\"><figure class=\"swiper-slide-inner\"><img class=\"swiper-slide-image swiper-lazy\" data-src=\"https:\/\/dallasmotelsc.com.br\/biguacu\/wp-content\/uploads\/elementor\/thumbs\/suites-premium-4-1-rd5oznx39nf24cxqfssk3j6ymzlgg52hmtajz7dsps.jpg\" alt=\"suites-premium (4)\" \/><div class=\"swiper-lazy-preloader\"><\/div><\/figure><\/a><\/div><div class=\"swiper-slide\" role=\"group\" aria-roledescription=\"slide\" aria-label=\"8 de 19\"><a data-elementor-open-lightbox=\"yes\" data-elementor-lightbox-slideshow=\"dbcf3d9\" data-elementor-lightbox-title=\"suites-premium (5)\" data-e-action-hash=\"#elementor-action%3Aaction%3Dlightbox%26settings%3DeyJpZCI6MTEwMywidXJsIjoiaHR0cHM6XC9cL2RhbGxhc21vdGVsc2MuY29tLmJyXC9iaWd1YWN1XC93cC1jb250ZW50XC91cGxvYWRzXC8yMDI1XC8xMFwvc3VpdGVzLXByZW1pdW0tNS0xLmpwZyIsInNsaWRlc2hvdyI6ImRiY2YzZDkifQ%3D%3D\" href=\"https:\/\/dallasmotelsc.com.br\/biguacu\/wp-content\/uploads\/2025\/10\/suites-premium-5-1.jpg\"><figure class=\"swiper-slide-inner\"><img class=\"swiper-slide-image swiper-lazy\" data-src=\"https:\/\/dallasmotelsc.com.br\/biguacu\/wp-content\/uploads\/elementor\/thumbs\/suites-premium-5-1-rd5ozouxghgcfywdab76o0yf8dgtnu67yxy1ghcejk.jpg\" alt=\"suites-premium (5)\" \/><div class=\"swiper-lazy-preloader\"><\/div><\/figure><\/a><\/div><div class=\"swiper-slide\" role=\"group\" aria-roledescription=\"slide\" aria-label=\"9 de 19\"><a data-elementor-open-lightbox=\"yes\" data-elementor-lightbox-slideshow=\"dbcf3d9\" data-elementor-lightbox-title=\"suites-premium (6)\" data-e-action-hash=\"#elementor-action%3Aaction%3Dlightbox%26settings%3DeyJpZCI6MTEwNCwidXJsIjoiaHR0cHM6XC9cL2RhbGxhc21vdGVsc2MuY29tLmJyXC9iaWd1YWN1XC93cC1jb250ZW50XC91cGxvYWRzXC8yMDI1XC8xMFwvc3VpdGVzLXByZW1pdW0tNi0xLmpwZyIsInNsaWRlc2hvdyI6ImRiY2YzZDkifQ%3D%3D\" href=\"https:\/\/dallasmotelsc.com.br\/biguacu\/wp-content\/uploads\/2025\/10\/suites-premium-6-1.jpg\"><figure class=\"swiper-slide-inner\"><img class=\"swiper-slide-image swiper-lazy\" data-src=\"https:\/\/dallasmotelsc.com.br\/biguacu\/wp-content\/uploads\/elementor\/thumbs\/suites-premium-6-1-rd5ozqqlu5ix36tmzc0ft0hcf57k38don790f19m74.jpg\" alt=\"suites-premium (6)\" \/><div class=\"swiper-lazy-preloader\"><\/div><\/figure><\/a><\/div><div class=\"swiper-slide\" role=\"group\" aria-roledescription=\"slide\" aria-label=\"10 de 19\"><a data-elementor-open-lightbox=\"yes\" data-elementor-lightbox-slideshow=\"dbcf3d9\" data-elementor-lightbox-title=\"suites-premium (7)\" data-e-action-hash=\"#elementor-action%3Aaction%3Dlightbox%26settings%3DeyJpZCI6MTEwNSwidXJsIjoiaHR0cHM6XC9cL2RhbGxhc21vdGVsc2MuY29tLmJyXC9iaWd1YWN1XC93cC1jb250ZW50XC91cGxvYWRzXC8yMDI1XC8xMFwvc3VpdGVzLXByZW1pdW0tNy0xLmpwZyIsInNsaWRlc2hvdyI6ImRiY2YzZDkifQ%3D%3D\" href=\"https:\/\/dallasmotelsc.com.br\/biguacu\/wp-content\/uploads\/2025\/10\/suites-premium-7-1.jpg\"><figure class=\"swiper-slide-inner\"><img class=\"swiper-slide-image swiper-lazy\" data-src=\"https:\/\/dallasmotelsc.com.br\/biguacu\/wp-content\/uploads\/elementor\/thumbs\/suites-premium-7-1-rd5ozsma7tlhqeqwoctoy009lwyaiml5bgjzdl6tuo.jpg\" alt=\"suites-premium (7)\" \/><div class=\"swiper-lazy-preloader\"><\/div><\/figure><\/a><\/div><div class=\"swiper-slide\" role=\"group\" aria-roledescription=\"slide\" aria-label=\"11 de 19\"><a data-elementor-open-lightbox=\"yes\" data-elementor-lightbox-slideshow=\"dbcf3d9\" data-elementor-lightbox-title=\"suites-premium (8)\" data-e-action-hash=\"#elementor-action%3Aaction%3Dlightbox%26settings%3DeyJpZCI6MTEwNiwidXJsIjoiaHR0cHM6XC9cL2RhbGxhc21vdGVsc2MuY29tLmJyXC9iaWd1YWN1XC93cC1jb250ZW50XC91cGxvYWRzXC8yMDI1XC8xMFwvc3VpdGVzLXByZW1pdW0tOC0xLmpwZyIsInNsaWRlc2hvdyI6ImRiY2YzZDkifQ%3D%3D\" href=\"https:\/\/dallasmotelsc.com.br\/biguacu\/wp-content\/uploads\/2025\/10\/suites-premium-8-1.jpg\"><figure class=\"swiper-slide-inner\"><img class=\"swiper-slide-image swiper-lazy\" data-src=\"https:\/\/dallasmotelsc.com.br\/biguacu\/wp-content\/uploads\/elementor\/thumbs\/suites-premium-8-1-rd5ozuhylho2dmo6ddmy2zj6sop0y0slzpuyc541i8.jpg\" alt=\"suites-premium (8)\" \/><div class=\"swiper-lazy-preloader\"><\/div><\/figure><\/a><\/div><div class=\"swiper-slide\" role=\"group\" aria-roledescription=\"slide\" aria-label=\"12 de 19\"><a data-elementor-open-lightbox=\"yes\" data-elementor-lightbox-slideshow=\"dbcf3d9\" data-elementor-lightbox-title=\"suites-premium (9)\" data-e-action-hash=\"#elementor-action%3Aaction%3Dlightbox%26settings%3DeyJpZCI6MTEwNywidXJsIjoiaHR0cHM6XC9cL2RhbGxhc21vdGVsc2MuY29tLmJyXC9iaWd1YWN1XC93cC1jb250ZW50XC91cGxvYWRzXC8yMDI1XC8xMFwvc3VpdGVzLXByZW1pdW0tOS0xLmpwZyIsInNsaWRlc2hvdyI6ImRiY2YzZDkifQ%3D%3D\" href=\"https:\/\/dallasmotelsc.com.br\/biguacu\/wp-content\/uploads\/2025\/10\/suites-premium-9-1.jpg\"><figure class=\"swiper-slide-inner\"><img class=\"swiper-slide-image swiper-lazy\" data-src=\"https:\/\/dallasmotelsc.com.br\/biguacu\/wp-content\/uploads\/elementor\/thumbs\/suites-premium-9-1-rd5ozwdmz5qn0ulg2eg77z23zgfrdf02nz5xap195s.jpg\" alt=\"suites-premium (9)\" \/><div class=\"swiper-lazy-preloader\"><\/div><\/figure><\/a><\/div><div class=\"swiper-slide\" role=\"group\" aria-roledescription=\"slide\" aria-label=\"13 de 19\"><a data-elementor-open-lightbox=\"yes\" data-elementor-lightbox-slideshow=\"dbcf3d9\" data-elementor-lightbox-title=\"suites-premium (10)\" data-e-action-hash=\"#elementor-action%3Aaction%3Dlightbox%26settings%3DeyJpZCI6MTEwOCwidXJsIjoiaHR0cHM6XC9cL2RhbGxhc21vdGVsc2MuY29tLmJyXC9iaWd1YWN1XC93cC1jb250ZW50XC91cGxvYWRzXC8yMDI1XC8xMFwvc3VpdGVzLXByZW1pdW0tMTAtMS5qcGciLCJzbGlkZXNob3ciOiJkYmNmM2Q5In0%3D\" href=\"https:\/\/dallasmotelsc.com.br\/biguacu\/wp-content\/uploads\/2025\/10\/suites-premium-10-1.jpg\"><figure class=\"swiper-slide-inner\"><img class=\"swiper-slide-image swiper-lazy\" data-src=\"https:\/\/dallasmotelsc.com.br\/biguacu\/wp-content\/uploads\/elementor\/thumbs\/suites-premium-10-1-rd5ozxbh5zrxcgk2wwutsgtkkub4l43t03teryzuzk.jpg\" alt=\"suites-premium (10)\" \/><div class=\"swiper-lazy-preloader\"><\/div><\/figure><\/a><\/div><div class=\"swiper-slide\" role=\"group\" aria-roledescription=\"slide\" aria-label=\"14 de 19\"><a data-elementor-open-lightbox=\"yes\" data-elementor-lightbox-slideshow=\"dbcf3d9\" data-elementor-lightbox-title=\"suites-premium (11)\" data-e-action-hash=\"#elementor-action%3Aaction%3Dlightbox%26settings%3DeyJpZCI6MTEwOSwidXJsIjoiaHR0cHM6XC9cL2RhbGxhc21vdGVsc2MuY29tLmJyXC9iaWd1YWN1XC93cC1jb250ZW50XC91cGxvYWRzXC8yMDI1XC8xMFwvc3VpdGVzLXByZW1pdW0tMTEtMS5qcGciLCJzbGlkZXNob3ciOiJkYmNmM2Q5In0%3D\" href=\"https:\/\/dallasmotelsc.com.br\/biguacu\/wp-content\/uploads\/2025\/10\/suites-premium-11-1.jpg\"><figure class=\"swiper-slide-inner\"><img class=\"swiper-slide-image swiper-lazy\" data-src=\"https:\/\/dallasmotelsc.com.br\/biguacu\/wp-content\/uploads\/elementor\/thumbs\/suites-premium-11-1-rd5ozz75jnuhzohclxo2xgchrm1v0ib9od4dqix2n4.jpg\" alt=\"suites-premium (11)\" \/><div class=\"swiper-lazy-preloader\"><\/div><\/figure><\/a><\/div><div class=\"swiper-slide\" role=\"group\" aria-roledescription=\"slide\" aria-label=\"15 de 19\"><a data-elementor-open-lightbox=\"yes\" data-elementor-lightbox-slideshow=\"dbcf3d9\" data-elementor-lightbox-title=\"suites-premium (12)\" data-e-action-hash=\"#elementor-action%3Aaction%3Dlightbox%26settings%3DeyJpZCI6MTExMCwidXJsIjoiaHR0cHM6XC9cL2RhbGxhc21vdGVsc2MuY29tLmJyXC9iaWd1YWN1XC93cC1jb250ZW50XC91cGxvYWRzXC8yMDI1XC8xMFwvc3VpdGVzLXByZW1pdW0tMTItMS5qcGciLCJzbGlkZXNob3ciOiJkYmNmM2Q5In0%3D\" href=\"https:\/\/dallasmotelsc.com.br\/biguacu\/wp-content\/uploads\/2025\/10\/suites-premium-12-1.jpg\"><figure class=\"swiper-slide-inner\"><img class=\"swiper-slide-image swiper-lazy\" data-src=\"https:\/\/dallasmotelsc.com.br\/biguacu\/wp-content\/uploads\/elementor\/thumbs\/suites-premium-12-1-rd5p012txbx2mwemayhc2fveydslfwiqcmfcp2uaao.jpg\" alt=\"suites-premium (12)\" \/><div class=\"swiper-lazy-preloader\"><\/div><\/figure><\/a><\/div><div class=\"swiper-slide\" role=\"group\" aria-roledescription=\"slide\" aria-label=\"16 de 19\"><a data-elementor-open-lightbox=\"yes\" data-elementor-lightbox-slideshow=\"dbcf3d9\" data-elementor-lightbox-title=\"suites-premium (13)\" data-e-action-hash=\"#elementor-action%3Aaction%3Dlightbox%26settings%3DeyJpZCI6MTExMSwidXJsIjoiaHR0cHM6XC9cL2RhbGxhc21vdGVsc2MuY29tLmJyXC9iaWd1YWN1XC93cC1jb250ZW50XC91cGxvYWRzXC8yMDI1XC8xMFwvc3VpdGVzLXByZW1pdW0tMTMtMS5qcGciLCJzbGlkZXNob3ciOiJkYmNmM2Q5In0%3D\" href=\"https:\/\/dallasmotelsc.com.br\/biguacu\/wp-content\/uploads\/2025\/10\/suites-premium-13-1.jpg\"><figure class=\"swiper-slide-inner\"><img class=\"swiper-slide-image swiper-lazy\" data-src=\"https:\/\/dallasmotelsc.com.br\/biguacu\/wp-content\/uploads\/elementor\/thumbs\/suites-premium-13-1-rd5p02yiazzna4bvzzal7fec55jbvaq70vqbnmrhy8.jpg\" alt=\"suites-premium (13)\" \/><div class=\"swiper-lazy-preloader\"><\/div><\/figure><\/a><\/div><div class=\"swiper-slide\" role=\"group\" aria-roledescription=\"slide\" aria-label=\"17 de 19\"><a data-elementor-open-lightbox=\"yes\" data-elementor-lightbox-slideshow=\"dbcf3d9\" data-elementor-lightbox-title=\"suites-premium (14)\" data-e-action-hash=\"#elementor-action%3Aaction%3Dlightbox%26settings%3DeyJpZCI6MTExMiwidXJsIjoiaHR0cHM6XC9cL2RhbGxhc21vdGVsc2MuY29tLmJyXC9iaWd1YWN1XC93cC1jb250ZW50XC91cGxvYWRzXC8yMDI1XC8xMFwvc3VpdGVzLXByZW1pdW0tMTQtMS5qcGciLCJzbGlkZXNob3ciOiJkYmNmM2Q5In0%3D\" href=\"https:\/\/dallasmotelsc.com.br\/biguacu\/wp-content\/uploads\/2025\/10\/suites-premium-14-1.jpg\"><figure class=\"swiper-slide-inner\"><img class=\"swiper-slide-image swiper-lazy\" data-src=\"https:\/\/dallasmotelsc.com.br\/biguacu\/wp-content\/uploads\/elementor\/thumbs\/suites-premium-14-1-rd5p03wchu0xlqaiuhp7rx5sqjep2ztxd0dt4wq3s0.jpg\" alt=\"suites-premium (14)\" \/><div class=\"swiper-lazy-preloader\"><\/div><\/figure><\/a><\/div><div class=\"swiper-slide\" role=\"group\" aria-roledescription=\"slide\" aria-label=\"18 de 19\"><a data-elementor-open-lightbox=\"yes\" data-elementor-lightbox-slideshow=\"dbcf3d9\" data-elementor-lightbox-title=\"suites-premium (15)\" data-e-action-hash=\"#elementor-action%3Aaction%3Dlightbox%26settings%3DeyJpZCI6MTExMywidXJsIjoiaHR0cHM6XC9cL2RhbGxhc21vdGVsc2MuY29tLmJyXC9iaWd1YWN1XC93cC1jb250ZW50XC91cGxvYWRzXC8yMDI1XC8xMFwvc3VpdGVzLXByZW1pdW0tMTUtMS5qcGciLCJzbGlkZXNob3ciOiJkYmNmM2Q5In0%3D\" href=\"https:\/\/dallasmotelsc.com.br\/biguacu\/wp-content\/uploads\/2025\/10\/suites-premium-15-1.jpg\"><figure class=\"swiper-slide-inner\"><img class=\"swiper-slide-image swiper-lazy\" data-src=\"https:\/\/dallasmotelsc.com.br\/biguacu\/wp-content\/uploads\/elementor\/thumbs\/suites-premium-15-1-rd5p05s0vi3i8y7sjiigwwopxb5fie1e19os3gnbfk.jpg\" alt=\"suites-premium (15)\" \/><div class=\"swiper-lazy-preloader\"><\/div><\/figure><\/a><\/div><div class=\"swiper-slide\" role=\"group\" aria-roledescription=\"slide\" aria-label=\"19 de 19\"><a data-elementor-open-lightbox=\"yes\" data-elementor-lightbox-slideshow=\"dbcf3d9\" data-elementor-lightbox-title=\"suites-premium (16)\" data-e-action-hash=\"#elementor-action%3Aaction%3Dlightbox%26settings%3DeyJpZCI6MTExNCwidXJsIjoiaHR0cHM6XC9cL2RhbGxhc21vdGVsc2MuY29tLmJyXC9iaWd1YWN1XC93cC1jb250ZW50XC91cGxvYWRzXC8yMDI1XC8xMFwvc3VpdGVzLXByZW1pdW0tMTYtMS5qcGciLCJzbGlkZXNob3ciOiJkYmNmM2Q5In0%3D\" href=\"https:\/\/dallasmotelsc.com.br\/biguacu\/wp-content\/uploads\/2025\/10\/suites-premium-16-1.jpg\"><figure class=\"swiper-slide-inner\"><img class=\"swiper-slide-image swiper-lazy\" data-src=\"https:\/\/dallasmotelsc.com.br\/biguacu\/wp-content\/uploads\/elementor\/thumbs\/suites-premium-16-1-rd5p07np9662w6528jbq1w7n42w5xs8upizr20kj34.jpg\" alt=\"suites-premium (16)\" \/><div class=\"swiper-lazy-preloader\"><\/div><\/figure><\/a><\/div>\t\t\t<\/div>\n\t\t\t\t\t\t\t\t\t\t\t\t<div class=\"elementor-swiper-button elementor-swiper-button-prev\" role=\"button\" tabindex=\"0\">\n\t\t\t\t\t\t<i aria-hidden=\"true\" class=\"eicon-chevron-left\"><\/i>\t\t\t\t\t<\/div>\n\t\t\t\t\t<div class=\"elementor-swiper-button elementor-swiper-button-next\" role=\"button\" tabindex=\"0\">\n\t\t\t\t\t\t<i aria-hidden=\"true\" class=\"eicon-chevron-right\"><\/i>\t\t\t\t\t<\/div>\n\t\t\t\t\n\t\t\t\t\t\t\t\t\t<\/div>\n\t\t\t\t\t\t<\/div>\n\t\t\t\t<\/div>\n\t\t\t\t<\/div>\n\t\t\t\t<\/div>\n\t\t\t\t<\/div>\n\t\t","protected":false},"excerpt":{"rendered":"<p>Su\u00edtes Premium Projetada para proporcionar conforto e momentos de puro relaxamento, esta su\u00edte combina modernidade, privacidade e sofistica\u00e7\u00e3o. Equipada com TV de 40 polegadas, frigobar e ar-condicionado, oferece o ambiente perfeito para descansar e aproveitar cada instante. A hidromassagem de 1,20 x 1,80m e a&#8230;<\/p>\n","protected":false},"author":1,"featured_media":0,"parent":0,"menu_order":0,"comment_status":"closed","ping_status":"closed","template":"full_width.php","meta":{"footnotes":""},"class_list":["post-895","page","type-page","status-publish","hentry"],"_links":{"self":[{"href":"https:\/\/dallasmotelsc.com.br\/biguacu\/wp-json\/wp\/v2\/pages\/895","targetHints":{"allow":["GET"]}}],"collection":[{"href":"https:\/\/dallasmotelsc.com.br\/biguacu\/wp-json\/wp\/v2\/pages"}],"about":[{"href":"https:\/\/dallasmotelsc.com.br\/biguacu\/wp-json\/wp\/v2\/types\/page"}],"author":[{"embeddable":true,"href":"https:\/\/dallasmotelsc.com.br\/biguacu\/wp-json\/wp\/v2\/users\/1"}],"replies":[{"embeddable":true,"href":"https:\/\/dallasmotelsc.com.br\/biguacu\/wp-json\/wp\/v2\/comments?post=895"}],"version-history":[{"count":16,"href":"https:\/\/dallasmotelsc.com.br\/biguacu\/wp-json\/wp\/v2\/pages\/895\/revisions"}],"predecessor-version":[{"id":1255,"href":"https:\/\/dallasmotelsc.com.br\/biguacu\/wp-json\/wp\/v2\/pages\/895\/revisions\/1255"}],"wp:attachment":[{"href":"https:\/\/dallasmotelsc.com.br\/biguacu\/wp-json\/wp\/v2\/media?parent=895"}],"curies":[{"name":"wp","href":"https:\/\/api.w.org\/{rel}","templated":true}]}}