{"id":839,"date":"2025-10-10T14:08:28","date_gmt":"2025-10-10T14:08:28","guid":{"rendered":"https:\/\/dallasmotelsc.com.br\/biguacu\/?page_id=839"},"modified":"2025-10-20T18:17:17","modified_gmt":"2025-10-20T18:17:17","slug":"apartamento-luxo","status":"publish","type":"page","link":"https:\/\/dallasmotelsc.com.br\/biguacu\/apartamento-luxo\/","title":{"rendered":"Apartamento Luxo"},"content":{"rendered":"\t\t<div data-elementor-type=\"wp-page\" data-elementor-id=\"839\" class=\"elementor elementor-839\" data-elementor-post-type=\"page\">\n\t\t\t\t<div class=\"elementor-element elementor-element-bcae39b e-con-full e-flex parallax_section_no qode_elementor_container_no e-con e-parent\" data-id=\"bcae39b\" data-element_type=\"container\" data-settings=\"{&quot;background_background&quot;:&quot;classic&quot;}\">\n\t\t<div class=\"elementor-element elementor-element-eb66241 e-flex e-con-boxed parallax_section_no qode_elementor_container_no e-con e-child\" data-id=\"eb66241\" data-element_type=\"container\" data-settings=\"{&quot;background_background&quot;:&quot;classic&quot;}\">\n\t\t\t\t\t<div class=\"e-con-inner\">\n\t\t<div class=\"elementor-element elementor-element-03518b2 e-con-full e-flex parallax_section_no qode_elementor_container_no e-con e-child\" data-id=\"03518b2\" data-element_type=\"container\">\n\t\t\t\t<div class=\"elementor-element elementor-element-abe3709 elementor-widget elementor-widget-heading\" data-id=\"abe3709\" data-element_type=\"widget\" data-widget_type=\"heading.default\">\n\t\t\t\t<div class=\"elementor-widget-container\">\n\t\t\t\t\t<h1 class=\"elementor-heading-title elementor-size-default\">Apartamento Luxo<\/h1>\t\t\t\t<\/div>\n\t\t\t\t<\/div>\n\t\t\t\t<div class=\"elementor-element elementor-element-27c1e13 elementor-widget-divider--view-line elementor-widget elementor-widget-divider\" data-id=\"27c1e13\" data-element_type=\"widget\" data-widget_type=\"divider.default\">\n\t\t\t\t<div class=\"elementor-widget-container\">\n\t\t\t\t\t\t\t<div class=\"elementor-divider\">\n\t\t\t<span class=\"elementor-divider-separator\">\n\t\t\t\t\t\t<\/span>\n\t\t<\/div>\n\t\t\t\t\t\t<\/div>\n\t\t\t\t<\/div>\n\t\t\t\t<div class=\"elementor-element elementor-element-264e439 elementor-widget elementor-widget-text-editor\" data-id=\"264e439\" data-element_type=\"widget\" data-widget_type=\"text-editor.default\">\n\t\t\t\t<div class=\"elementor-widget-container\">\n\t\t\t\t\t\t\t\t\tCom um ambiente moderno e acolhedor, a su\u00edte oferece tudo o que \u00e9 necess\u00e1rio para momentos de relaxamento e privacidade. Equipada com TV de 40 polegadas, frigobar e ar-condicionado, garante praticidade e bem-estar durante toda a estadia.\t\t\t\t\t\t\t\t<\/div>\n\t\t\t\t<\/div>\n\t\t\t\t<div class=\"elementor-element elementor-element-1a226e0 elementor-widget elementor-widget-text-editor\" data-id=\"1a226e0\" data-element_type=\"widget\" data-widget_type=\"text-editor.default\">\n\t\t\t\t<div class=\"elementor-widget-container\">\n\t\t\t\t\t\t\t\t\tO espelho no teto adiciona um toque de charme e sensualidade ao ambiente, enquanto o Wi-Fi gratuito e a garagem privativa proporcionam conforto, comodidade e total discri\u00e7\u00e3o.\t\t\t\t\t\t\t\t<\/div>\n\t\t\t\t<\/div>\n\t\t\t\t<div class=\"elementor-element elementor-element-793477c elementor-widget elementor-widget-text-editor\" data-id=\"793477c\" data-element_type=\"widget\" data-widget_type=\"text-editor.default\">\n\t\t\t\t<div class=\"elementor-widget-container\">\n\t\t\t\t\t\t\t\t\t<b>Valores<\/b> \t\t\t\t\t\t\t\t<\/div>\n\t\t\t\t<\/div>\n\t\t\t\t<div class=\"elementor-element elementor-element-058600f elementor-widget elementor-widget-text-editor\" data-id=\"058600f\" data-element_type=\"widget\" data-widget_type=\"text-editor.default\">\n\t\t\t\t<div class=\"elementor-widget-container\">\n\t\t\t\t\t\t\t\t\t<strong>Entrada entre (04:00 E 17:59 hs):<\/strong> R$ 100,00 &#8211; sendo R$ 16,00 a hora adicional \t\t\t\t\t\t\t\t<\/div>\n\t\t\t\t<\/div>\n\t\t\t\t<div class=\"elementor-element elementor-element-6dfc468 elementor-widget elementor-widget-text-editor\" data-id=\"6dfc468\" data-element_type=\"widget\" data-widget_type=\"text-editor.default\">\n\t\t\t\t<div class=\"elementor-widget-container\">\n\t\t\t\t\t\t\t\t\t<strong>Entrada entre (18:00 E 03:59 hs):<\/strong> R$ 112,00 &#8211; sendo R$ 16,00 a hora adicional \t\t\t\t\t\t\t\t<\/div>\n\t\t\t\t<\/div>\n\t\t\t\t<div class=\"elementor-element elementor-element-ae1c995 elementor-widget elementor-widget-text-editor\" data-id=\"ae1c995\" data-element_type=\"widget\" data-widget_type=\"text-editor.default\">\n\t\t\t\t<div class=\"elementor-widget-container\">\n\t\t\t\t\t\t\t\t\tToler\u00e2ncia m\u00e1ximo de 5 minutos. Valores para 2 Pessoas, acrescidos de 35% por pessoa adicional. \t\t\t\t\t\t\t\t<\/div>\n\t\t\t\t<\/div>\n\t\t\t\t<\/div>\n\t\t\t\t\t<\/div>\n\t\t\t\t<\/div>\n\t\t<div class=\"elementor-element elementor-element-bcccdbe e-flex e-con-boxed parallax_section_no qode_elementor_container_no e-con e-child\" data-id=\"bcccdbe\" data-element_type=\"container\" data-settings=\"{&quot;background_background&quot;:&quot;classic&quot;}\">\n\t\t\t\t\t<div class=\"e-con-inner\">\n\t\t\t\t\t<\/div>\n\t\t\t\t<\/div>\n\t\t\t\t<\/div>\n\t\t<div class=\"elementor-element elementor-element-4604523 e-con-full e-flex parallax_section_no qode_elementor_container_no e-con e-parent\" data-id=\"4604523\" data-element_type=\"container\" data-settings=\"{&quot;background_background&quot;:&quot;classic&quot;}\">\n\t\t<div class=\"elementor-element elementor-element-6cf9ff0 e-con-full e-flex parallax_section_no qode_elementor_container_no e-con e-child\" data-id=\"6cf9ff0\" data-element_type=\"container\">\n\t\t\t\t<div class=\"elementor-element elementor-element-9d8f909 elementor-arrows-position-inside elementor-widget elementor-widget-image-carousel\" data-id=\"9d8f909\" data-element_type=\"widget\" data-settings=\"{&quot;slides_to_show&quot;:&quot;4&quot;,&quot;navigation&quot;:&quot;arrows&quot;,&quot;lazyload&quot;:&quot;yes&quot;,&quot;slides_to_show_mobile&quot;:&quot;1&quot;,&quot;autoplay&quot;:&quot;yes&quot;,&quot;pause_on_hover&quot;:&quot;yes&quot;,&quot;pause_on_interaction&quot;:&quot;yes&quot;,&quot;autoplay_speed&quot;:5000,&quot;infinite&quot;:&quot;yes&quot;,&quot;speed&quot;:500}\" data-widget_type=\"image-carousel.default\">\n\t\t\t\t<div class=\"elementor-widget-container\">\n\t\t\t\t\t\t\t<div class=\"elementor-image-carousel-wrapper swiper\" role=\"region\" aria-roledescription=\"carousel\" aria-label=\"Carrossel de imagens\" dir=\"ltr\">\n\t\t\t<div class=\"elementor-image-carousel swiper-wrapper\" aria-live=\"off\">\n\t\t\t\t\t\t\t\t<div class=\"swiper-slide\" role=\"group\" aria-roledescription=\"slide\" aria-label=\"1 de 7\"><a data-elementor-open-lightbox=\"yes\" data-elementor-lightbox-slideshow=\"9d8f909\" data-elementor-lightbox-title=\"apto-luxo (2)\" data-e-action-hash=\"#elementor-action%3Aaction%3Dlightbox%26settings%3DeyJpZCI6MTE5MywidXJsIjoiaHR0cHM6XC9cL2RhbGxhc21vdGVsc2MuY29tLmJyXC9iaWd1YWN1XC93cC1jb250ZW50XC91cGxvYWRzXC8yMDI1XC8xMFwvYXB0by1sdXhvLTItMi5qcGciLCJzbGlkZXNob3ciOiI5ZDhmOTA5In0%3D\" href=\"https:\/\/dallasmotelsc.com.br\/biguacu\/wp-content\/uploads\/2025\/10\/apto-luxo-2-2.jpg\"><figure class=\"swiper-slide-inner\"><img class=\"swiper-slide-image swiper-lazy\" data-src=\"https:\/\/dallasmotelsc.com.br\/biguacu\/wp-content\/uploads\/elementor\/thumbs\/apto-luxo-2-2-rd8ubgmqwgcqaasxabbxh0dj7usjtrkz7xq5l285uo.jpg\" alt=\"apto-luxo (2)\" \/><div class=\"swiper-lazy-preloader\"><\/div><\/figure><\/a><\/div><div class=\"swiper-slide\" role=\"group\" aria-roledescription=\"slide\" aria-label=\"2 de 7\"><a data-elementor-open-lightbox=\"yes\" data-elementor-lightbox-slideshow=\"9d8f909\" data-elementor-lightbox-title=\"apto-luxo (3)\" data-e-action-hash=\"#elementor-action%3Aaction%3Dlightbox%26settings%3DeyJpZCI6MTE5NCwidXJsIjoiaHR0cHM6XC9cL2RhbGxhc21vdGVsc2MuY29tLmJyXC9iaWd1YWN1XC93cC1jb250ZW50XC91cGxvYWRzXC8yMDI1XC8xMFwvYXB0by1sdXhvLTMtMi5qcGciLCJzbGlkZXNob3ciOiI5ZDhmOTA5In0%3D\" href=\"https:\/\/dallasmotelsc.com.br\/biguacu\/wp-content\/uploads\/2025\/10\/apto-luxo-3-2.jpg\"><figure class=\"swiper-slide-inner\"><img class=\"swiper-slide-image swiper-lazy\" data-src=\"https:\/\/dallasmotelsc.com.br\/biguacu\/wp-content\/uploads\/elementor\/thumbs\/apto-luxo-3-2-rd8ubiifa4faxiq6zc56lzwgemja95sfw714jm5di8.jpg\" alt=\"apto-luxo (3)\" \/><div class=\"swiper-lazy-preloader\"><\/div><\/figure><\/a><\/div><div class=\"swiper-slide\" role=\"group\" aria-roledescription=\"slide\" aria-label=\"3 de 7\"><a data-elementor-open-lightbox=\"yes\" data-elementor-lightbox-slideshow=\"9d8f909\" data-elementor-lightbox-title=\"apto-luxo (4)\" data-e-action-hash=\"#elementor-action%3Aaction%3Dlightbox%26settings%3DeyJpZCI6MTE5NSwidXJsIjoiaHR0cHM6XC9cL2RhbGxhc21vdGVsc2MuY29tLmJyXC9iaWd1YWN1XC93cC1jb250ZW50XC91cGxvYWRzXC8yMDI1XC8xMFwvYXB0by1sdXhvLTQtMi5qcGciLCJzbGlkZXNob3ciOiI5ZDhmOTA5In0%3D\" href=\"https:\/\/dallasmotelsc.com.br\/biguacu\/wp-content\/uploads\/2025\/10\/apto-luxo-4-2.jpg\"><figure class=\"swiper-slide-inner\"><img class=\"swiper-slide-image swiper-lazy\" data-src=\"https:\/\/dallasmotelsc.com.br\/biguacu\/wp-content\/uploads\/elementor\/thumbs\/apto-luxo-4-2-rd8ubke3nshvkqngocyfqzfdlea0ojzwkgc3i62l5s.jpg\" alt=\"apto-luxo (4)\" \/><div class=\"swiper-lazy-preloader\"><\/div><\/figure><\/a><\/div><div class=\"swiper-slide\" role=\"group\" aria-roledescription=\"slide\" aria-label=\"4 de 7\"><a data-elementor-open-lightbox=\"yes\" data-elementor-lightbox-slideshow=\"9d8f909\" data-elementor-lightbox-title=\"apto-luxo (5)\" data-e-action-hash=\"#elementor-action%3Aaction%3Dlightbox%26settings%3DeyJpZCI6MTE5NiwidXJsIjoiaHR0cHM6XC9cL2RhbGxhc21vdGVsc2MuY29tLmJyXC9iaWd1YWN1XC93cC1jb250ZW50XC91cGxvYWRzXC8yMDI1XC8xMFwvYXB0by1sdXhvLTUtMi5qcGciLCJzbGlkZXNob3ciOiI5ZDhmOTA5In0%3D\" href=\"https:\/\/dallasmotelsc.com.br\/biguacu\/wp-content\/uploads\/2025\/10\/apto-luxo-5-2.jpg\"><figure class=\"swiper-slide-inner\"><img class=\"swiper-slide-image swiper-lazy\" data-src=\"https:\/\/dallasmotelsc.com.br\/biguacu\/wp-content\/uploads\/elementor\/thumbs\/apto-luxo-5-2-rd8ubm9s1gkg7ykqddrovyyas60r3y7d8pn2gpzstc.jpg\" alt=\"apto-luxo (5)\" \/><div class=\"swiper-lazy-preloader\"><\/div><\/figure><\/a><\/div><div class=\"swiper-slide\" role=\"group\" aria-roledescription=\"slide\" aria-label=\"5 de 7\"><a data-elementor-open-lightbox=\"yes\" data-elementor-lightbox-slideshow=\"9d8f909\" data-elementor-lightbox-title=\"apto-luxo (6)\" data-e-action-hash=\"#elementor-action%3Aaction%3Dlightbox%26settings%3DeyJpZCI6MTE5NywidXJsIjoiaHR0cHM6XC9cL2RhbGxhc21vdGVsc2MuY29tLmJyXC9iaWd1YWN1XC93cC1jb250ZW50XC91cGxvYWRzXC8yMDI1XC8xMFwvYXB0by1sdXhvLTYtMi5qcGciLCJzbGlkZXNob3ciOiI5ZDhmOTA5In0%3D\" href=\"https:\/\/dallasmotelsc.com.br\/biguacu\/wp-content\/uploads\/2025\/10\/apto-luxo-6-2.jpg\"><figure class=\"swiper-slide-inner\"><img class=\"swiper-slide-image swiper-lazy\" data-src=\"https:\/\/dallasmotelsc.com.br\/biguacu\/wp-content\/uploads\/elementor\/thumbs\/apto-luxo-6-2-rd8ubn7m8alqjkjd7w6bggprdjw4bnb3kuajxzyen4.jpg\" alt=\"apto-luxo (6)\" \/><div class=\"swiper-lazy-preloader\"><\/div><\/figure><\/a><\/div><div class=\"swiper-slide\" role=\"group\" aria-roledescription=\"slide\" aria-label=\"6 de 7\"><a data-elementor-open-lightbox=\"yes\" data-elementor-lightbox-slideshow=\"9d8f909\" data-elementor-lightbox-title=\"apto-luxo (7)\" data-e-action-hash=\"#elementor-action%3Aaction%3Dlightbox%26settings%3DeyJpZCI6MTE5OCwidXJsIjoiaHR0cHM6XC9cL2RhbGxhc21vdGVsc2MuY29tLmJyXC9iaWd1YWN1XC93cC1jb250ZW50XC91cGxvYWRzXC8yMDI1XC8xMFwvYXB0by1sdXhvLTctMi5qcGciLCJzbGlkZXNob3ciOiI5ZDhmOTA5In0%3D\" href=\"https:\/\/dallasmotelsc.com.br\/biguacu\/wp-content\/uploads\/2025\/10\/apto-luxo-7-2.jpg\"><figure class=\"swiper-slide-inner\"><img class=\"swiper-slide-image swiper-lazy\" data-src=\"https:\/\/dallasmotelsc.com.br\/biguacu\/wp-content\/uploads\/elementor\/thumbs\/apto-luxo-7-2-rd8ubp3alyob6sgmwwzklg8okbmur1ik93liwjvmao.jpg\" alt=\"apto-luxo (7)\" \/><div class=\"swiper-lazy-preloader\"><\/div><\/figure><\/a><\/div><div class=\"swiper-slide\" role=\"group\" aria-roledescription=\"slide\" aria-label=\"7 de 7\"><a data-elementor-open-lightbox=\"yes\" data-elementor-lightbox-slideshow=\"9d8f909\" data-elementor-lightbox-title=\"apto-luxo\" data-e-action-hash=\"#elementor-action%3Aaction%3Dlightbox%26settings%3DeyJpZCI6MTE5OSwidXJsIjoiaHR0cHM6XC9cL2RhbGxhc21vdGVsc2MuY29tLmJyXC9iaWd1YWN1XC93cC1jb250ZW50XC91cGxvYWRzXC8yMDI1XC8xMFwvYXB0by1sdXhvLTEyLmpwZyIsInNsaWRlc2hvdyI6IjlkOGY5MDkifQ%3D%3D\" href=\"https:\/\/dallasmotelsc.com.br\/biguacu\/wp-content\/uploads\/2025\/10\/apto-luxo-12.jpg\"><figure class=\"swiper-slide-inner\"><img class=\"swiper-slide-image swiper-lazy\" data-src=\"https:\/\/dallasmotelsc.com.br\/biguacu\/wp-content\/uploads\/elementor\/thumbs\/apto-luxo-12-rd8ubqyyzmqvu0dwlxstqfrlr3dl6fq0xcwhv3sty8.jpg\" alt=\"apto-luxo\" \/><div class=\"swiper-lazy-preloader\"><\/div><\/figure><\/a><\/div>\t\t\t<\/div>\n\t\t\t\t\t\t\t\t\t\t\t\t<div class=\"elementor-swiper-button elementor-swiper-button-prev\" role=\"button\" tabindex=\"0\">\n\t\t\t\t\t\t<i aria-hidden=\"true\" class=\"eicon-chevron-left\"><\/i>\t\t\t\t\t<\/div>\n\t\t\t\t\t<div class=\"elementor-swiper-button elementor-swiper-button-next\" role=\"button\" tabindex=\"0\">\n\t\t\t\t\t\t<i aria-hidden=\"true\" class=\"eicon-chevron-right\"><\/i>\t\t\t\t\t<\/div>\n\t\t\t\t\n\t\t\t\t\t\t\t\t\t<\/div>\n\t\t\t\t\t\t<\/div>\n\t\t\t\t<\/div>\n\t\t\t\t<\/div>\n\t\t\t\t<\/div>\n\t\t\t\t<\/div>\n\t\t","protected":false},"excerpt":{"rendered":"<p>Apartamento Luxo Com um ambiente moderno e acolhedor, a su\u00edte oferece tudo o que \u00e9 necess\u00e1rio para momentos de relaxamento e privacidade. Equipada com TV de 40 polegadas, frigobar e ar-condicionado, garante praticidade e bem-estar durante toda a estadia.O espelho no teto adiciona um toque&#8230;<\/p>\n","protected":false},"author":1,"featured_media":0,"parent":0,"menu_order":0,"comment_status":"closed","ping_status":"closed","template":"elementor_header_footer","meta":{"footnotes":""},"class_list":["post-839","page","type-page","status-publish","hentry"],"_links":{"self":[{"href":"https:\/\/dallasmotelsc.com.br\/biguacu\/wp-json\/wp\/v2\/pages\/839","targetHints":{"allow":["GET"]}}],"collection":[{"href":"https:\/\/dallasmotelsc.com.br\/biguacu\/wp-json\/wp\/v2\/pages"}],"about":[{"href":"https:\/\/dallasmotelsc.com.br\/biguacu\/wp-json\/wp\/v2\/types\/page"}],"author":[{"embeddable":true,"href":"https:\/\/dallasmotelsc.com.br\/biguacu\/wp-json\/wp\/v2\/users\/1"}],"replies":[{"embeddable":true,"href":"https:\/\/dallasmotelsc.com.br\/biguacu\/wp-json\/wp\/v2\/comments?post=839"}],"version-history":[{"count":23,"href":"https:\/\/dallasmotelsc.com.br\/biguacu\/wp-json\/wp\/v2\/pages\/839\/revisions"}],"predecessor-version":[{"id":1252,"href":"https:\/\/dallasmotelsc.com.br\/biguacu\/wp-json\/wp\/v2\/pages\/839\/revisions\/1252"}],"wp:attachment":[{"href":"https:\/\/dallasmotelsc.com.br\/biguacu\/wp-json\/wp\/v2\/media?parent=839"}],"curies":[{"name":"wp","href":"https:\/\/api.w.org\/{rel}","templated":true}]}}