{"id":715,"date":"2025-10-09T20:16:57","date_gmt":"2025-10-09T20:16:57","guid":{"rendered":"https:\/\/dallasmotelsc.com.br\/biguacu\/?page_id=715"},"modified":"2025-10-20T18:14:51","modified_gmt":"2025-10-20T18:14:51","slug":"suites-executivas","status":"publish","type":"page","link":"https:\/\/dallasmotelsc.com.br\/biguacu\/suites-executivas\/","title":{"rendered":"Su\u00edtes Executivas"},"content":{"rendered":"\t\t<div data-elementor-type=\"wp-page\" data-elementor-id=\"715\" class=\"elementor elementor-715\" data-elementor-post-type=\"page\">\n\t\t\t\t<div class=\"elementor-element elementor-element-bcae39b e-con-full e-flex parallax_section_no qode_elementor_container_no e-con e-parent\" data-id=\"bcae39b\" data-element_type=\"container\" data-settings=\"{&quot;background_background&quot;:&quot;classic&quot;}\">\n\t\t<div class=\"elementor-element elementor-element-eb66241 e-flex e-con-boxed parallax_section_no qode_elementor_container_no e-con e-child\" data-id=\"eb66241\" data-element_type=\"container\" data-settings=\"{&quot;background_background&quot;:&quot;classic&quot;}\">\n\t\t\t\t\t<div class=\"e-con-inner\">\n\t\t<div class=\"elementor-element elementor-element-03518b2 e-con-full e-flex parallax_section_no qode_elementor_container_no e-con e-child\" data-id=\"03518b2\" data-element_type=\"container\">\n\t\t\t\t<div class=\"elementor-element elementor-element-abe3709 elementor-widget elementor-widget-heading\" data-id=\"abe3709\" data-element_type=\"widget\" data-widget_type=\"heading.default\">\n\t\t\t\t<div class=\"elementor-widget-container\">\n\t\t\t\t\t<h1 class=\"elementor-heading-title elementor-size-default\">Su\u00edtes Executivas<\/h1>\t\t\t\t<\/div>\n\t\t\t\t<\/div>\n\t\t\t\t<div class=\"elementor-element elementor-element-27c1e13 elementor-widget-divider--view-line elementor-widget elementor-widget-divider\" data-id=\"27c1e13\" data-element_type=\"widget\" data-widget_type=\"divider.default\">\n\t\t\t\t<div class=\"elementor-widget-container\">\n\t\t\t\t\t\t\t<div class=\"elementor-divider\">\n\t\t\t<span class=\"elementor-divider-separator\">\n\t\t\t\t\t\t<\/span>\n\t\t<\/div>\n\t\t\t\t\t\t<\/div>\n\t\t\t\t<\/div>\n\t\t\t\t<div class=\"elementor-element elementor-element-a3233c3 elementor-widget elementor-widget-text-editor\" data-id=\"a3233c3\" data-element_type=\"widget\" data-widget_type=\"text-editor.default\">\n\t\t\t\t<div class=\"elementor-widget-container\">\n\t\t\t\t\t\t\t\t\tElegante e acolhedora, esta su\u00edte foi criada para oferecer conforto e privacidade em um ambiente exclusivo. Equipada com TV de 40 polegadas, frigobar e ar-condicionado, garante praticidade e bem-estar em todos os momentos.\t\t\t\t\t\t\t\t<\/div>\n\t\t\t\t<\/div>\n\t\t\t\t<div class=\"elementor-element elementor-element-f407aa9 elementor-widget elementor-widget-text-editor\" data-id=\"f407aa9\" data-element_type=\"widget\" data-widget_type=\"text-editor.default\">\n\t\t\t\t<div class=\"elementor-widget-container\">\n\t\t\t\t\t\t\t\t\tA hidromassagem \u00e9 o destaque do espa\u00e7o, perfeita para relaxar e renovar as energias. O jardim privativo traz um toque de charme e tranquilidade, tornando o ambiente ainda mais especial. O espelho no teto adiciona sensualidade e sofistica\u00e7\u00e3o \u00e0 experi\u00eancia. \t\t\t\t\t\t\t\t<\/div>\n\t\t\t\t<\/div>\n\t\t\t\t<div class=\"elementor-element elementor-element-0900a22 elementor-widget elementor-widget-text-editor\" data-id=\"0900a22\" data-element_type=\"widget\" data-widget_type=\"text-editor.default\">\n\t\t\t\t<div class=\"elementor-widget-container\">\n\t\t\t\t\t\t\t\t\tCom Wi-Fi gratuito e garagem privativa, a su\u00edte proporciona total conforto, discri\u00e7\u00e3o e uma atmosfera \u00fanica para momentos inesquec\u00edveis.\t\t\t\t\t\t\t\t<\/div>\n\t\t\t\t<\/div>\n\t\t\t\t<div class=\"elementor-element elementor-element-b94cba1 elementor-widget elementor-widget-text-editor\" data-id=\"b94cba1\" data-element_type=\"widget\" data-widget_type=\"text-editor.default\">\n\t\t\t\t<div class=\"elementor-widget-container\">\n\t\t\t\t\t\t\t\t\t<b>Valores<\/b> \t\t\t\t\t\t\t\t<\/div>\n\t\t\t\t<\/div>\n\t\t\t\t<div class=\"elementor-element elementor-element-b548068 elementor-widget elementor-widget-text-editor\" data-id=\"b548068\" data-element_type=\"widget\" data-widget_type=\"text-editor.default\">\n\t\t\t\t<div class=\"elementor-widget-container\">\n\t\t\t\t\t\t\t\t\t<strong>Entrada entre (04:00 E 17:59 hs):<\/strong> R$ 142,00 &#8211; sendo R$ 22,00 a hora adicional \t\t\t\t\t\t\t\t<\/div>\n\t\t\t\t<\/div>\n\t\t\t\t<div class=\"elementor-element elementor-element-258b81f elementor-widget elementor-widget-text-editor\" data-id=\"258b81f\" data-element_type=\"widget\" data-widget_type=\"text-editor.default\">\n\t\t\t\t<div class=\"elementor-widget-container\">\n\t\t\t\t\t\t\t\t\t<strong>Entrada entre (18:00 E 03:59 hs):<\/strong> R$ 150,00 &#8211; sendo R$ 24,00 a hora adicional \t\t\t\t\t\t\t\t<\/div>\n\t\t\t\t<\/div>\n\t\t\t\t<div class=\"elementor-element elementor-element-705ce2e elementor-widget elementor-widget-text-editor\" data-id=\"705ce2e\" data-element_type=\"widget\" data-widget_type=\"text-editor.default\">\n\t\t\t\t<div class=\"elementor-widget-container\">\n\t\t\t\t\t\t\t\t\tToler\u00e2ncia m\u00e1ximo de 5 minutos. Valores para 2 Pessoas, acrescidos de 35% por pessoa adicional.\t\t\t\t\t\t\t\t<\/div>\n\t\t\t\t<\/div>\n\t\t\t\t<\/div>\n\t\t\t\t\t<\/div>\n\t\t\t\t<\/div>\n\t\t<div class=\"elementor-element elementor-element-bcccdbe e-flex e-con-boxed parallax_section_no qode_elementor_container_no e-con e-child\" data-id=\"bcccdbe\" data-element_type=\"container\" data-settings=\"{&quot;background_background&quot;:&quot;classic&quot;}\">\n\t\t\t\t\t<div class=\"e-con-inner\">\n\t\t\t\t\t<\/div>\n\t\t\t\t<\/div>\n\t\t\t\t<\/div>\n\t\t<div class=\"elementor-element elementor-element-4604523 e-con-full e-flex parallax_section_no qode_elementor_container_no e-con e-parent\" data-id=\"4604523\" data-element_type=\"container\" data-settings=\"{&quot;background_background&quot;:&quot;classic&quot;}\">\n\t\t<div class=\"elementor-element elementor-element-6cf9ff0 e-con-full e-flex parallax_section_no qode_elementor_container_no e-con e-child\" data-id=\"6cf9ff0\" data-element_type=\"container\">\n\t\t\t\t<div class=\"elementor-element elementor-element-dbcf3d9 elementor-arrows-position-inside elementor-widget elementor-widget-image-carousel\" data-id=\"dbcf3d9\" data-element_type=\"widget\" data-settings=\"{&quot;slides_to_show&quot;:&quot;4&quot;,&quot;navigation&quot;:&quot;arrows&quot;,&quot;lazyload&quot;:&quot;yes&quot;,&quot;slides_to_show_mobile&quot;:&quot;1&quot;,&quot;autoplay&quot;:&quot;yes&quot;,&quot;pause_on_hover&quot;:&quot;yes&quot;,&quot;pause_on_interaction&quot;:&quot;yes&quot;,&quot;autoplay_speed&quot;:5000,&quot;infinite&quot;:&quot;yes&quot;,&quot;speed&quot;:500}\" data-widget_type=\"image-carousel.default\">\n\t\t\t\t<div class=\"elementor-widget-container\">\n\t\t\t\t\t\t\t<div class=\"elementor-image-carousel-wrapper swiper\" role=\"region\" aria-roledescription=\"carousel\" aria-label=\"Carrossel de imagens\" dir=\"ltr\">\n\t\t\t<div class=\"elementor-image-carousel swiper-wrapper\" aria-live=\"off\">\n\t\t\t\t\t\t\t\t<div class=\"swiper-slide\" role=\"group\" aria-roledescription=\"slide\" aria-label=\"1 de 14\"><a data-elementor-open-lightbox=\"yes\" data-elementor-lightbox-slideshow=\"dbcf3d9\" data-elementor-lightbox-title=\"suite-executiva (2)\" data-e-action-hash=\"#elementor-action%3Aaction%3Dlightbox%26settings%3DeyJpZCI6MTA1MSwidXJsIjoiaHR0cHM6XC9cL2RhbGxhc21vdGVsc2MuY29tLmJyXC9iaWd1YWN1XC93cC1jb250ZW50XC91cGxvYWRzXC8yMDI1XC8xMFwvc3VpdGUtZXhlY3V0aXZhLTItMS5qcGciLCJzbGlkZXNob3ciOiJkYmNmM2Q5In0%3D\" href=\"https:\/\/dallasmotelsc.com.br\/biguacu\/wp-content\/uploads\/2025\/10\/suite-executiva-2-1.jpg\"><figure class=\"swiper-slide-inner\"><img class=\"swiper-slide-image swiper-lazy\" data-src=\"https:\/\/dallasmotelsc.com.br\/biguacu\/wp-content\/uploads\/elementor\/thumbs\/suite-executiva-2-1-rd5mqbxtwq2vj12sd55ouk247qh3ez6m495229z540.jpg\" alt=\"suite-executiva (2)\" \/><div class=\"swiper-lazy-preloader\"><\/div><\/figure><\/a><\/div><div class=\"swiper-slide\" role=\"group\" aria-roledescription=\"slide\" aria-label=\"2 de 14\"><a data-elementor-open-lightbox=\"yes\" data-elementor-lightbox-slideshow=\"dbcf3d9\" data-elementor-lightbox-title=\"suite-executiva (3)\" data-e-action-hash=\"#elementor-action%3Aaction%3Dlightbox%26settings%3DeyJpZCI6MTA1MiwidXJsIjoiaHR0cHM6XC9cL2RhbGxhc21vdGVsc2MuY29tLmJyXC9iaWd1YWN1XC93cC1jb250ZW50XC91cGxvYWRzXC8yMDI1XC8xMFwvc3VpdGUtZXhlY3V0aXZhLTMtMS5qcGciLCJzbGlkZXNob3ciOiJkYmNmM2Q5In0%3D\" href=\"https:\/\/dallasmotelsc.com.br\/biguacu\/wp-content\/uploads\/2025\/10\/suite-executiva-3-1.jpg\"><figure class=\"swiper-slide-inner\"><img class=\"swiper-slide-image swiper-lazy\" data-src=\"https:\/\/dallasmotelsc.com.br\/biguacu\/wp-content\/uploads\/elementor\/thumbs\/suite-executiva-3-1-rd5mqdtiae5g690225yxzjl1ei7tude2sig10twcrk.jpg\" alt=\"suite-executiva (3)\" \/><div class=\"swiper-lazy-preloader\"><\/div><\/figure><\/a><\/div><div class=\"swiper-slide\" role=\"group\" aria-roledescription=\"slide\" aria-label=\"3 de 14\"><a data-elementor-open-lightbox=\"yes\" data-elementor-lightbox-slideshow=\"dbcf3d9\" data-elementor-lightbox-title=\"suite-executiva (4)\" data-e-action-hash=\"#elementor-action%3Aaction%3Dlightbox%26settings%3DeyJpZCI6MTA1MywidXJsIjoiaHR0cHM6XC9cL2RhbGxhc21vdGVsc2MuY29tLmJyXC9iaWd1YWN1XC93cC1jb250ZW50XC91cGxvYWRzXC8yMDI1XC8xMFwvc3VpdGUtZXhlY3V0aXZhLTQtMS5qcGciLCJzbGlkZXNob3ciOiJkYmNmM2Q5In0%3D\" href=\"https:\/\/dallasmotelsc.com.br\/biguacu\/wp-content\/uploads\/2025\/10\/suite-executiva-4-1.jpg\"><figure class=\"swiper-slide-inner\"><img class=\"swiper-slide-image swiper-lazy\" data-src=\"https:\/\/dallasmotelsc.com.br\/biguacu\/wp-content\/uploads\/elementor\/thumbs\/suite-executiva-4-1-rd5mqfp6o280tgxbr6s74j3yl9yk9rljgrqzzdtkf4.jpg\" alt=\"suite-executiva (4)\" \/><div class=\"swiper-lazy-preloader\"><\/div><\/figure><\/a><\/div><div class=\"swiper-slide\" role=\"group\" aria-roledescription=\"slide\" aria-label=\"4 de 14\"><a data-elementor-open-lightbox=\"yes\" data-elementor-lightbox-slideshow=\"dbcf3d9\" data-elementor-lightbox-title=\"suite-executiva (5)\" data-e-action-hash=\"#elementor-action%3Aaction%3Dlightbox%26settings%3DeyJpZCI6MTA1NCwidXJsIjoiaHR0cHM6XC9cL2RhbGxhc21vdGVsc2MuY29tLmJyXC9iaWd1YWN1XC93cC1jb250ZW50XC91cGxvYWRzXC8yMDI1XC8xMFwvc3VpdGUtZXhlY3V0aXZhLTUtMS5qcGciLCJzbGlkZXNob3ciOiJkYmNmM2Q5In0%3D\" href=\"https:\/\/dallasmotelsc.com.br\/biguacu\/wp-content\/uploads\/2025\/10\/suite-executiva-5-1.jpg\"><figure class=\"swiper-slide-inner\"><img class=\"swiper-slide-image swiper-lazy\" data-src=\"https:\/\/dallasmotelsc.com.br\/biguacu\/wp-content\/uploads\/elementor\/thumbs\/suite-executiva-5-1-rd5mqgn0uw9b52vylp6tp0vf6ntxhgp9swehgns68w.jpg\" alt=\"suite-executiva (5)\" \/><div class=\"swiper-lazy-preloader\"><\/div><\/figure><\/a><\/div><div class=\"swiper-slide\" role=\"group\" aria-roledescription=\"slide\" aria-label=\"5 de 14\"><a data-elementor-open-lightbox=\"yes\" data-elementor-lightbox-slideshow=\"dbcf3d9\" data-elementor-lightbox-title=\"suite-executiva (6)\" data-e-action-hash=\"#elementor-action%3Aaction%3Dlightbox%26settings%3DeyJpZCI6MTA1NSwidXJsIjoiaHR0cHM6XC9cL2RhbGxhc21vdGVsc2MuY29tLmJyXC9iaWd1YWN1XC93cC1jb250ZW50XC91cGxvYWRzXC8yMDI1XC8xMFwvc3VpdGUtZXhlY3V0aXZhLTYtMS5qcGciLCJzbGlkZXNob3ciOiJkYmNmM2Q5In0%3D\" href=\"https:\/\/dallasmotelsc.com.br\/biguacu\/wp-content\/uploads\/2025\/10\/suite-executiva-6-1.jpg\"><figure class=\"swiper-slide-inner\"><img class=\"swiper-slide-image swiper-lazy\" data-src=\"https:\/\/dallasmotelsc.com.br\/biguacu\/wp-content\/uploads\/elementor\/thumbs\/suite-executiva-6-1-rd5mqiip8kbvsat8aq02u0ecdfknwuwqh5pgf7pdwg.jpg\" alt=\"suite-executiva (6)\" \/><div class=\"swiper-lazy-preloader\"><\/div><\/figure><\/a><\/div><div class=\"swiper-slide\" role=\"group\" aria-roledescription=\"slide\" aria-label=\"6 de 14\"><a data-elementor-open-lightbox=\"yes\" data-elementor-lightbox-slideshow=\"dbcf3d9\" data-elementor-lightbox-title=\"suite-executiva (7)\" data-e-action-hash=\"#elementor-action%3Aaction%3Dlightbox%26settings%3DeyJpZCI6MTA1NiwidXJsIjoiaHR0cHM6XC9cL2RhbGxhc21vdGVsc2MuY29tLmJyXC9iaWd1YWN1XC93cC1jb250ZW50XC91cGxvYWRzXC8yMDI1XC8xMFwvc3VpdGUtZXhlY3V0aXZhLTctMS5qcGciLCJzbGlkZXNob3ciOiJkYmNmM2Q5In0%3D\" href=\"https:\/\/dallasmotelsc.com.br\/biguacu\/wp-content\/uploads\/2025\/10\/suite-executiva-7-1.jpg\"><figure class=\"swiper-slide-inner\"><img class=\"swiper-slide-image swiper-lazy\" data-src=\"https:\/\/dallasmotelsc.com.br\/biguacu\/wp-content\/uploads\/elementor\/thumbs\/suite-executiva-7-1-rd5mqkedm8egfiqhzqtbyzx9k7bec9475f0fdrmlk0.jpg\" alt=\"suite-executiva (7)\" \/><div class=\"swiper-lazy-preloader\"><\/div><\/figure><\/a><\/div><div class=\"swiper-slide\" role=\"group\" aria-roledescription=\"slide\" aria-label=\"7 de 14\"><a data-elementor-open-lightbox=\"yes\" data-elementor-lightbox-slideshow=\"dbcf3d9\" data-elementor-lightbox-title=\"suite-executiva (8)\" data-e-action-hash=\"#elementor-action%3Aaction%3Dlightbox%26settings%3DeyJpZCI6MTA1NywidXJsIjoiaHR0cHM6XC9cL2RhbGxhc21vdGVsc2MuY29tLmJyXC9iaWd1YWN1XC93cC1jb250ZW50XC91cGxvYWRzXC8yMDI1XC8xMFwvc3VpdGUtZXhlY3V0aXZhLTgtMS5qcGciLCJzbGlkZXNob3ciOiJkYmNmM2Q5In0%3D\" href=\"https:\/\/dallasmotelsc.com.br\/biguacu\/wp-content\/uploads\/2025\/10\/suite-executiva-8-1.jpg\"><figure class=\"swiper-slide-inner\"><img class=\"swiper-slide-image swiper-lazy\" data-src=\"https:\/\/dallasmotelsc.com.br\/biguacu\/wp-content\/uploads\/elementor\/thumbs\/suite-executiva-8-1-rd5mqma1zwh12qnrorml3zg6qz24rnbntobecbjt7k.jpg\" alt=\"suite-executiva (8)\" \/><div class=\"swiper-lazy-preloader\"><\/div><\/figure><\/a><\/div><div class=\"swiper-slide\" role=\"group\" aria-roledescription=\"slide\" aria-label=\"8 de 14\"><a data-elementor-open-lightbox=\"yes\" data-elementor-lightbox-slideshow=\"dbcf3d9\" data-elementor-lightbox-title=\"suite-executiva (9)\" data-e-action-hash=\"#elementor-action%3Aaction%3Dlightbox%26settings%3DeyJpZCI6MTA1OCwidXJsIjoiaHR0cHM6XC9cL2RhbGxhc21vdGVsc2MuY29tLmJyXC9iaWd1YWN1XC93cC1jb250ZW50XC91cGxvYWRzXC8yMDI1XC8xMFwvc3VpdGUtZXhlY3V0aXZhLTktMS5qcGciLCJzbGlkZXNob3ciOiJkYmNmM2Q5In0%3D\" href=\"https:\/\/dallasmotelsc.com.br\/biguacu\/wp-content\/uploads\/2025\/10\/suite-executiva-9-1.jpg\"><figure class=\"swiper-slide-inner\"><img class=\"swiper-slide-image swiper-lazy\" data-src=\"https:\/\/dallasmotelsc.com.br\/biguacu\/wp-content\/uploads\/elementor\/thumbs\/suite-executiva-9-1-rd5mqn7w6qibecmeja17oh7nccxhzcfe5syvtlif1c.jpg\" alt=\"suite-executiva (9)\" \/><div class=\"swiper-lazy-preloader\"><\/div><\/figure><\/a><\/div><div class=\"swiper-slide\" role=\"group\" aria-roledescription=\"slide\" aria-label=\"9 de 14\"><a data-elementor-open-lightbox=\"yes\" data-elementor-lightbox-slideshow=\"dbcf3d9\" data-elementor-lightbox-title=\"suite-executiva (10)\" data-e-action-hash=\"#elementor-action%3Aaction%3Dlightbox%26settings%3DeyJpZCI6MTA1OSwidXJsIjoiaHR0cHM6XC9cL2RhbGxhc21vdGVsc2MuY29tLmJyXC9iaWd1YWN1XC93cC1jb250ZW50XC91cGxvYWRzXC8yMDI1XC8xMFwvc3VpdGUtZXhlY3V0aXZhLTEwLTEuanBnIiwic2xpZGVzaG93IjoiZGJjZjNkOSJ9\" href=\"https:\/\/dallasmotelsc.com.br\/biguacu\/wp-content\/uploads\/2025\/10\/suite-executiva-10-1.jpg\"><figure class=\"swiper-slide-inner\"><img class=\"swiper-slide-image swiper-lazy\" data-src=\"https:\/\/dallasmotelsc.com.br\/biguacu\/wp-content\/uploads\/elementor\/thumbs\/suite-executiva-10-1-rd5mqp3kkekw1kjo8augtgqkj4o8eqmuu29us5fmow.jpg\" alt=\"suite-executiva (10)\" \/><div class=\"swiper-lazy-preloader\"><\/div><\/figure><\/a><\/div><div class=\"swiper-slide\" role=\"group\" aria-roledescription=\"slide\" aria-label=\"10 de 14\"><a data-elementor-open-lightbox=\"yes\" data-elementor-lightbox-slideshow=\"dbcf3d9\" data-elementor-lightbox-title=\"suite-executiva (11)\" data-e-action-hash=\"#elementor-action%3Aaction%3Dlightbox%26settings%3DeyJpZCI6MTA2MCwidXJsIjoiaHR0cHM6XC9cL2RhbGxhc21vdGVsc2MuY29tLmJyXC9iaWd1YWN1XC93cC1jb250ZW50XC91cGxvYWRzXC8yMDI1XC8xMFwvc3VpdGUtZXhlY3V0aXZhLTExLTEuanBnIiwic2xpZGVzaG93IjoiZGJjZjNkOSJ9\" href=\"https:\/\/dallasmotelsc.com.br\/biguacu\/wp-content\/uploads\/2025\/10\/suite-executiva-11-1.jpg\"><figure class=\"swiper-slide-inner\"><img class=\"swiper-slide-image swiper-lazy\" data-src=\"https:\/\/dallasmotelsc.com.br\/biguacu\/wp-content\/uploads\/elementor\/thumbs\/suite-executiva-11-1-rd5mqqz8y2ngosgxxbnpyg9hpweyu4ubibktqpcucg.jpg\" alt=\"suite-executiva (11)\" \/><div class=\"swiper-lazy-preloader\"><\/div><\/figure><\/a><\/div><div class=\"swiper-slide\" role=\"group\" aria-roledescription=\"slide\" aria-label=\"11 de 14\"><a data-elementor-open-lightbox=\"yes\" data-elementor-lightbox-slideshow=\"dbcf3d9\" data-elementor-lightbox-title=\"suite-executiva (12)\" data-e-action-hash=\"#elementor-action%3Aaction%3Dlightbox%26settings%3DeyJpZCI6MTA2MSwidXJsIjoiaHR0cHM6XC9cL2RhbGxhc21vdGVsc2MuY29tLmJyXC9iaWd1YWN1XC93cC1jb250ZW50XC91cGxvYWRzXC8yMDI1XC8xMFwvc3VpdGUtZXhlY3V0aXZhLTEyLTEuanBnIiwic2xpZGVzaG93IjoiZGJjZjNkOSJ9\" href=\"https:\/\/dallasmotelsc.com.br\/biguacu\/wp-content\/uploads\/2025\/10\/suite-executiva-12-1.jpg\"><figure class=\"swiper-slide-inner\"><img class=\"swiper-slide-image swiper-lazy\" data-src=\"https:\/\/dallasmotelsc.com.br\/biguacu\/wp-content\/uploads\/elementor\/thumbs\/suite-executiva-12-1-rd5mqrx34wor0efkru2ciy0ybaac1ty1ug8b7zbg68.jpg\" alt=\"suite-executiva (12)\" \/><div class=\"swiper-lazy-preloader\"><\/div><\/figure><\/a><\/div><div class=\"swiper-slide\" role=\"group\" aria-roledescription=\"slide\" aria-label=\"12 de 14\"><a data-elementor-open-lightbox=\"yes\" data-elementor-lightbox-slideshow=\"dbcf3d9\" data-elementor-lightbox-title=\"suite-executiva (13)\" data-e-action-hash=\"#elementor-action%3Aaction%3Dlightbox%26settings%3DeyJpZCI6MTA2MiwidXJsIjoiaHR0cHM6XC9cL2RhbGxhc21vdGVsc2MuY29tLmJyXC9iaWd1YWN1XC93cC1jb250ZW50XC91cGxvYWRzXC8yMDI1XC8xMFwvc3VpdGUtZXhlY3V0aXZhLTEzLTEuanBnIiwic2xpZGVzaG93IjoiZGJjZjNkOSJ9\" href=\"https:\/\/dallasmotelsc.com.br\/biguacu\/wp-content\/uploads\/2025\/10\/suite-executiva-13-1.jpg\"><figure class=\"swiper-slide-inner\"><img class=\"swiper-slide-image swiper-lazy\" data-src=\"https:\/\/dallasmotelsc.com.br\/biguacu\/wp-content\/uploads\/elementor\/thumbs\/suite-executiva-13-1-rd5mqtsrikrbnmcuguvlnxjvi212h85iipja6j8nts.jpg\" alt=\"suite-executiva (13)\" \/><div class=\"swiper-lazy-preloader\"><\/div><\/figure><\/a><\/div><div class=\"swiper-slide\" role=\"group\" aria-roledescription=\"slide\" aria-label=\"13 de 14\"><a data-elementor-open-lightbox=\"yes\" data-elementor-lightbox-slideshow=\"dbcf3d9\" data-elementor-lightbox-title=\"suite-executiva (14)\" data-e-action-hash=\"#elementor-action%3Aaction%3Dlightbox%26settings%3DeyJpZCI6MTA2MywidXJsIjoiaHR0cHM6XC9cL2RhbGxhc21vdGVsc2MuY29tLmJyXC9iaWd1YWN1XC93cC1jb250ZW50XC91cGxvYWRzXC8yMDI1XC8xMFwvc3VpdGUtZXhlY3V0aXZhLTE0LTEuanBnIiwic2xpZGVzaG93IjoiZGJjZjNkOSJ9\" href=\"https:\/\/dallasmotelsc.com.br\/biguacu\/wp-content\/uploads\/2025\/10\/suite-executiva-14-1.jpg\"><figure class=\"swiper-slide-inner\"><img class=\"swiper-slide-image swiper-lazy\" data-src=\"https:\/\/dallasmotelsc.com.br\/biguacu\/wp-content\/uploads\/elementor\/thumbs\/suite-executiva-14-1-rd5mqvofw8twaua45vousx2sotrswmcz6yu9535vhc.jpg\" alt=\"suite-executiva (14)\" \/><div class=\"swiper-lazy-preloader\"><\/div><\/figure><\/a><\/div><div class=\"swiper-slide\" role=\"group\" aria-roledescription=\"slide\" aria-label=\"14 de 14\"><a data-elementor-open-lightbox=\"yes\" data-elementor-lightbox-slideshow=\"dbcf3d9\" data-elementor-lightbox-title=\"suite-executiva\" data-e-action-hash=\"#elementor-action%3Aaction%3Dlightbox%26settings%3DeyJpZCI6MTA2NCwidXJsIjoiaHR0cHM6XC9cL2RhbGxhc21vdGVsc2MuY29tLmJyXC9iaWd1YWN1XC93cC1jb250ZW50XC91cGxvYWRzXC8yMDI1XC8xMFwvc3VpdGUtZXhlY3V0aXZhLTEuanBnIiwic2xpZGVzaG93IjoiZGJjZjNkOSJ9\" href=\"https:\/\/dallasmotelsc.com.br\/biguacu\/wp-content\/uploads\/2025\/10\/suite-executiva-1.jpg\"><figure class=\"swiper-slide-inner\"><img class=\"swiper-slide-image swiper-lazy\" data-src=\"https:\/\/dallasmotelsc.com.br\/biguacu\/wp-content\/uploads\/elementor\/thumbs\/suite-executiva-1-rd5mqxk49wwgy27duwi3xwlpvlijc0kfv8583n334w.jpg\" alt=\"suite-executiva\" \/><div class=\"swiper-lazy-preloader\"><\/div><\/figure><\/a><\/div>\t\t\t<\/div>\n\t\t\t\t\t\t\t\t\t\t\t\t<div class=\"elementor-swiper-button elementor-swiper-button-prev\" role=\"button\" tabindex=\"0\">\n\t\t\t\t\t\t<i aria-hidden=\"true\" class=\"eicon-chevron-left\"><\/i>\t\t\t\t\t<\/div>\n\t\t\t\t\t<div class=\"elementor-swiper-button elementor-swiper-button-next\" role=\"button\" tabindex=\"0\">\n\t\t\t\t\t\t<i aria-hidden=\"true\" class=\"eicon-chevron-right\"><\/i>\t\t\t\t\t<\/div>\n\t\t\t\t\n\t\t\t\t\t\t\t\t\t<\/div>\n\t\t\t\t\t\t<\/div>\n\t\t\t\t<\/div>\n\t\t\t\t<\/div>\n\t\t\t\t<\/div>\n\t\t\t\t<\/div>\n\t\t","protected":false},"excerpt":{"rendered":"<p>Su\u00edtes Executivas Elegante e acolhedora, esta su\u00edte foi criada para oferecer conforto e privacidade em um ambiente exclusivo. Equipada com TV de 40 polegadas, frigobar e ar-condicionado, garante praticidade e bem-estar em todos os momentos.A hidromassagem \u00e9 o destaque do espa\u00e7o, perfeita para relaxar e&#8230;<\/p>\n","protected":false},"author":1,"featured_media":0,"parent":0,"menu_order":0,"comment_status":"closed","ping_status":"closed","template":"full_width.php","meta":{"footnotes":""},"class_list":["post-715","page","type-page","status-publish","hentry"],"_links":{"self":[{"href":"https:\/\/dallasmotelsc.com.br\/biguacu\/wp-json\/wp\/v2\/pages\/715","targetHints":{"allow":["GET"]}}],"collection":[{"href":"https:\/\/dallasmotelsc.com.br\/biguacu\/wp-json\/wp\/v2\/pages"}],"about":[{"href":"https:\/\/dallasmotelsc.com.br\/biguacu\/wp-json\/wp\/v2\/types\/page"}],"author":[{"embeddable":true,"href":"https:\/\/dallasmotelsc.com.br\/biguacu\/wp-json\/wp\/v2\/users\/1"}],"replies":[{"embeddable":true,"href":"https:\/\/dallasmotelsc.com.br\/biguacu\/wp-json\/wp\/v2\/comments?post=715"}],"version-history":[{"count":55,"href":"https:\/\/dallasmotelsc.com.br\/biguacu\/wp-json\/wp\/v2\/pages\/715\/revisions"}],"predecessor-version":[{"id":1246,"href":"https:\/\/dallasmotelsc.com.br\/biguacu\/wp-json\/wp\/v2\/pages\/715\/revisions\/1246"}],"wp:attachment":[{"href":"https:\/\/dallasmotelsc.com.br\/biguacu\/wp-json\/wp\/v2\/media?parent=715"}],"curies":[{"name":"wp","href":"https:\/\/api.w.org\/{rel}","templated":true}]}}