{"id":548,"date":"2025-10-02T19:21:53","date_gmt":"2025-10-02T19:21:53","guid":{"rendered":"https:\/\/dallasmotelsc.com.br\/biguacu\/?page_id=548"},"modified":"2025-10-20T18:09:17","modified_gmt":"2025-10-20T18:09:17","slug":"suite-vip","status":"publish","type":"page","link":"https:\/\/dallasmotelsc.com.br\/biguacu\/suite-vip\/","title":{"rendered":"Su\u00edte VIP"},"content":{"rendered":"\t\t<div data-elementor-type=\"wp-page\" data-elementor-id=\"548\" class=\"elementor elementor-548\" data-elementor-post-type=\"page\">\n\t\t\t\t<div class=\"elementor-element elementor-element-bcae39b e-con-full e-flex parallax_section_no qode_elementor_container_no e-con e-parent\" data-id=\"bcae39b\" data-element_type=\"container\" data-settings=\"{&quot;background_background&quot;:&quot;classic&quot;}\">\n\t\t<div class=\"elementor-element elementor-element-eb66241 e-flex e-con-boxed parallax_section_no qode_elementor_container_no e-con e-child\" data-id=\"eb66241\" data-element_type=\"container\" data-settings=\"{&quot;background_background&quot;:&quot;classic&quot;}\">\n\t\t\t\t\t<div class=\"e-con-inner\">\n\t\t<div class=\"elementor-element elementor-element-03518b2 e-con-full e-flex parallax_section_no qode_elementor_container_no e-con e-child\" data-id=\"03518b2\" data-element_type=\"container\">\n\t\t\t\t<div class=\"elementor-element elementor-element-abe3709 elementor-widget elementor-widget-heading\" data-id=\"abe3709\" data-element_type=\"widget\" data-widget_type=\"heading.default\">\n\t\t\t\t<div class=\"elementor-widget-container\">\n\t\t\t\t\t<h1 class=\"elementor-heading-title elementor-size-default\">Su\u00edte VIP<\/h1>\t\t\t\t<\/div>\n\t\t\t\t<\/div>\n\t\t\t\t<div class=\"elementor-element elementor-element-27c1e13 elementor-widget-divider--view-line elementor-widget elementor-widget-divider\" data-id=\"27c1e13\" data-element_type=\"widget\" data-widget_type=\"divider.default\">\n\t\t\t\t<div class=\"elementor-widget-container\">\n\t\t\t\t\t\t\t<div class=\"elementor-divider\">\n\t\t\t<span class=\"elementor-divider-separator\">\n\t\t\t\t\t\t<\/span>\n\t\t<\/div>\n\t\t\t\t\t\t<\/div>\n\t\t\t\t<\/div>\n\t\t\t\t<div class=\"elementor-element elementor-element-13ce184 elementor-widget elementor-widget-text-editor\" data-id=\"13ce184\" data-element_type=\"widget\" data-widget_type=\"text-editor.default\">\n\t\t\t\t<div class=\"elementor-widget-container\">\n\t\t\t\t\t\t\t\t\tCom um ambiente moderno e acolhedor, esta su\u00edte foi projetada para oferecer conforto, privacidade e uma experi\u00eancia inesquec\u00edvel. Equipada com TV de 40 polegadas, frigobar e ar-condicionado, proporciona comodidade em todos os detalhes.\t\t\t\t\t\t\t\t<\/div>\n\t\t\t\t<\/div>\n\t\t\t\t<div class=\"elementor-element elementor-element-200a181 elementor-widget elementor-widget-text-editor\" data-id=\"200a181\" data-element_type=\"widget\" data-widget_type=\"text-editor.default\">\n\t\t\t\t<div class=\"elementor-widget-container\">\n\t\t\t\t\t\t\t\t\tA hidromassagem de 1,20 x 1,80m \u00e9 o destaque do ambiente, ideal para relaxar e viver momentos de puro prazer. O espelho no teto traz um toque de charme e sensualidade, enquanto o Wi-Fi gratuito garante conectividade durante a estadia. \t\t\t\t\t\t\t\t<\/div>\n\t\t\t\t<\/div>\n\t\t\t\t<div class=\"elementor-element elementor-element-c4541af elementor-widget elementor-widget-text-editor\" data-id=\"c4541af\" data-element_type=\"widget\" data-widget_type=\"text-editor.default\">\n\t\t\t\t<div class=\"elementor-widget-container\">\n\t\t\t\t\t\t\t\t\tCom garagem privativa para 2 carros, a su\u00edte oferece discri\u00e7\u00e3o e praticidade, tornando-se o ref\u00fagio perfeito para quem busca conforto e exclusividade. \t\t\t\t\t\t\t\t<\/div>\n\t\t\t\t<\/div>\n\t\t\t\t<div class=\"elementor-element elementor-element-769c0ed elementor-widget elementor-widget-text-editor\" data-id=\"769c0ed\" data-element_type=\"widget\" data-widget_type=\"text-editor.default\">\n\t\t\t\t<div class=\"elementor-widget-container\">\n\t\t\t\t\t\t\t\t\t<b>Valores<\/b> \t\t\t\t\t\t\t\t<\/div>\n\t\t\t\t<\/div>\n\t\t\t\t<div class=\"elementor-element elementor-element-8263b3c elementor-widget elementor-widget-text-editor\" data-id=\"8263b3c\" data-element_type=\"widget\" data-widget_type=\"text-editor.default\">\n\t\t\t\t<div class=\"elementor-widget-container\">\n\t\t\t\t\t\t\t\t\t<strong>Entrada entre (04:00 E 17:59 hs):<\/strong> R$ 148,00 &#8211; sendo R$ 24,00 a hora adicional \t\t\t\t\t\t\t\t<\/div>\n\t\t\t\t<\/div>\n\t\t\t\t<div class=\"elementor-element elementor-element-d03f69b elementor-widget elementor-widget-text-editor\" data-id=\"d03f69b\" data-element_type=\"widget\" data-widget_type=\"text-editor.default\">\n\t\t\t\t<div class=\"elementor-widget-container\">\n\t\t\t\t\t\t\t\t\t<strong>Entrada entre (18:00 E 03:59 hs):<\/strong> R$ 160,00 &#8211; sendo R$ 26,00 a hora adicional \t\t\t\t\t\t\t\t<\/div>\n\t\t\t\t<\/div>\n\t\t\t\t<div class=\"elementor-element elementor-element-0c33e1b elementor-widget elementor-widget-text-editor\" data-id=\"0c33e1b\" data-element_type=\"widget\" data-widget_type=\"text-editor.default\">\n\t\t\t\t<div class=\"elementor-widget-container\">\n\t\t\t\t\t\t\t\t\tToler\u00e2ncia m\u00e1ximo de 5 minutos. Valores para 2 Pessoas, acrescidos de 35% por pessoa adicional. \t\t\t\t\t\t\t\t<\/div>\n\t\t\t\t<\/div>\n\t\t\t\t<\/div>\n\t\t\t\t\t<\/div>\n\t\t\t\t<\/div>\n\t\t<div class=\"elementor-element elementor-element-bcccdbe e-flex e-con-boxed parallax_section_no qode_elementor_container_no e-con e-child\" data-id=\"bcccdbe\" data-element_type=\"container\" data-settings=\"{&quot;background_background&quot;:&quot;classic&quot;}\">\n\t\t\t\t\t<div class=\"e-con-inner\">\n\t\t\t\t\t<\/div>\n\t\t\t\t<\/div>\n\t\t\t\t<\/div>\n\t\t<div class=\"elementor-element elementor-element-4604523 e-con-full e-flex parallax_section_no qode_elementor_container_no e-con e-parent\" data-id=\"4604523\" data-element_type=\"container\" data-settings=\"{&quot;background_background&quot;:&quot;classic&quot;}\">\n\t\t<div class=\"elementor-element elementor-element-6cf9ff0 e-con-full e-flex parallax_section_no qode_elementor_container_no e-con e-child\" data-id=\"6cf9ff0\" data-element_type=\"container\">\n\t\t\t\t<div class=\"elementor-element elementor-element-9d8f909 elementor-arrows-position-inside elementor-widget elementor-widget-image-carousel\" data-id=\"9d8f909\" data-element_type=\"widget\" data-settings=\"{&quot;slides_to_show&quot;:&quot;4&quot;,&quot;navigation&quot;:&quot;arrows&quot;,&quot;lazyload&quot;:&quot;yes&quot;,&quot;slides_to_show_mobile&quot;:&quot;1&quot;,&quot;autoplay&quot;:&quot;yes&quot;,&quot;pause_on_hover&quot;:&quot;yes&quot;,&quot;pause_on_interaction&quot;:&quot;yes&quot;,&quot;autoplay_speed&quot;:5000,&quot;infinite&quot;:&quot;yes&quot;,&quot;speed&quot;:500}\" data-widget_type=\"image-carousel.default\">\n\t\t\t\t<div class=\"elementor-widget-container\">\n\t\t\t\t\t\t\t<div class=\"elementor-image-carousel-wrapper swiper\" role=\"region\" aria-roledescription=\"carousel\" aria-label=\"Carrossel de imagens\" dir=\"ltr\">\n\t\t\t<div class=\"elementor-image-carousel swiper-wrapper\" aria-live=\"off\">\n\t\t\t\t\t\t\t\t<div class=\"swiper-slide\" role=\"group\" aria-roledescription=\"slide\" aria-label=\"1 de 19\"><a data-elementor-open-lightbox=\"yes\" data-elementor-lightbox-slideshow=\"9d8f909\" data-elementor-lightbox-title=\"suite-vip (19)\" data-e-action-hash=\"#elementor-action%3Aaction%3Dlightbox%26settings%3DeyJpZCI6MTA3MCwidXJsIjoiaHR0cHM6XC9cL2RhbGxhc21vdGVsc2MuY29tLmJyXC9iaWd1YWN1XC93cC1jb250ZW50XC91cGxvYWRzXC8yMDI1XC8xMFwvc3VpdGUtdmlwLTE5LmpwZyIsInNsaWRlc2hvdyI6IjlkOGY5MDkifQ%3D%3D\" href=\"https:\/\/dallasmotelsc.com.br\/biguacu\/wp-content\/uploads\/2025\/10\/suite-vip-19.jpg\"><figure class=\"swiper-slide-inner\"><img class=\"swiper-slide-image swiper-lazy\" data-src=\"https:\/\/dallasmotelsc.com.br\/biguacu\/wp-content\/uploads\/elementor\/thumbs\/suite-vip-19-rd5obwjyiew4n7g76j222j1i2cpfvkqr17mp9em200.jpg\" alt=\"suite-vip (19)\" \/><div class=\"swiper-lazy-preloader\"><\/div><\/figure><\/a><\/div><div class=\"swiper-slide\" role=\"group\" aria-roledescription=\"slide\" aria-label=\"2 de 19\"><a data-elementor-open-lightbox=\"yes\" data-elementor-lightbox-slideshow=\"9d8f909\" data-elementor-lightbox-title=\"suite-vip\" data-e-action-hash=\"#elementor-action%3Aaction%3Dlightbox%26settings%3DeyJpZCI6MTA3MSwidXJsIjoiaHR0cHM6XC9cL2RhbGxhc21vdGVsc2MuY29tLmJyXC9iaWd1YWN1XC93cC1jb250ZW50XC91cGxvYWRzXC8yMDI1XC8xMFwvc3VpdGUtdmlwLmpwZyIsInNsaWRlc2hvdyI6IjlkOGY5MDkifQ%3D%3D\" href=\"https:\/\/dallasmotelsc.com.br\/biguacu\/wp-content\/uploads\/2025\/10\/suite-vip.jpg\"><figure class=\"swiper-slide-inner\"><img class=\"swiper-slide-image swiper-lazy\" data-src=\"https:\/\/dallasmotelsc.com.br\/biguacu\/wp-content\/uploads\/elementor\/thumbs\/suite-vip-rd5obyfmw2ypafdgvjvb7ikf94g6ayy7pgxo7yj9nk.jpg\" alt=\"suite-vip\" \/><div class=\"swiper-lazy-preloader\"><\/div><\/figure><\/a><\/div><div class=\"swiper-slide\" role=\"group\" aria-roledescription=\"slide\" aria-label=\"3 de 19\"><a data-elementor-open-lightbox=\"yes\" data-elementor-lightbox-slideshow=\"9d8f909\" data-elementor-lightbox-title=\"suite-vip (2)\" data-e-action-hash=\"#elementor-action%3Aaction%3Dlightbox%26settings%3DeyJpZCI6MTA3MiwidXJsIjoiaHR0cHM6XC9cL2RhbGxhc21vdGVsc2MuY29tLmJyXC9iaWd1YWN1XC93cC1jb250ZW50XC91cGxvYWRzXC8yMDI1XC8xMFwvc3VpdGUtdmlwLTIuanBnIiwic2xpZGVzaG93IjoiOWQ4ZjkwOSJ9\" href=\"https:\/\/dallasmotelsc.com.br\/biguacu\/wp-content\/uploads\/2025\/10\/suite-vip-2.jpg\"><figure class=\"swiper-slide-inner\"><img class=\"swiper-slide-image swiper-lazy\" data-src=\"https:\/\/dallasmotelsc.com.br\/biguacu\/wp-content\/uploads\/elementor\/thumbs\/suite-vip-2-rd5oc0bb9r19xnaqkkokci3cfw6wqd5odq8n6ighb4.jpg\" alt=\"suite-vip (2)\" \/><div class=\"swiper-lazy-preloader\"><\/div><\/figure><\/a><\/div><div class=\"swiper-slide\" role=\"group\" aria-roledescription=\"slide\" aria-label=\"4 de 19\"><a data-elementor-open-lightbox=\"yes\" data-elementor-lightbox-slideshow=\"9d8f909\" data-elementor-lightbox-title=\"suite-vip (3)\" data-e-action-hash=\"#elementor-action%3Aaction%3Dlightbox%26settings%3DeyJpZCI6MTA3MywidXJsIjoiaHR0cHM6XC9cL2RhbGxhc21vdGVsc2MuY29tLmJyXC9iaWd1YWN1XC93cC1jb250ZW50XC91cGxvYWRzXC8yMDI1XC8xMFwvc3VpdGUtdmlwLTMuanBnIiwic2xpZGVzaG93IjoiOWQ4ZjkwOSJ9\" href=\"https:\/\/dallasmotelsc.com.br\/biguacu\/wp-content\/uploads\/2025\/10\/suite-vip-3.jpg\"><figure class=\"swiper-slide-inner\"><img class=\"swiper-slide-image swiper-lazy\" data-src=\"https:\/\/dallasmotelsc.com.br\/biguacu\/wp-content\/uploads\/elementor\/thumbs\/suite-vip-3-rd5oc26znf3ukv809lhthhm9mnxn5rd51zjm52doyo.jpg\" alt=\"suite-vip (3)\" \/><div class=\"swiper-lazy-preloader\"><\/div><\/figure><\/a><\/div><div class=\"swiper-slide\" role=\"group\" aria-roledescription=\"slide\" aria-label=\"5 de 19\"><a data-elementor-open-lightbox=\"yes\" data-elementor-lightbox-slideshow=\"9d8f909\" data-elementor-lightbox-title=\"suite-vip (4)\" data-e-action-hash=\"#elementor-action%3Aaction%3Dlightbox%26settings%3DeyJpZCI6MTA3NCwidXJsIjoiaHR0cHM6XC9cL2RhbGxhc21vdGVsc2MuY29tLmJyXC9iaWd1YWN1XC93cC1jb250ZW50XC91cGxvYWRzXC8yMDI1XC8xMFwvc3VpdGUtdmlwLTQuanBnIiwic2xpZGVzaG93IjoiOWQ4ZjkwOSJ9\" href=\"https:\/\/dallasmotelsc.com.br\/biguacu\/wp-content\/uploads\/2025\/10\/suite-vip-4.jpg\"><figure class=\"swiper-slide-inner\"><img class=\"swiper-slide-image swiper-lazy\" data-src=\"https:\/\/dallasmotelsc.com.br\/biguacu\/wp-content\/uploads\/elementor\/thumbs\/suite-vip-4-rd5oc42o136f8359ymb2mh56tfodl5klq8ul3mawm8.jpg\" alt=\"suite-vip (4)\" \/><div class=\"swiper-lazy-preloader\"><\/div><\/figure><\/a><\/div><div class=\"swiper-slide\" role=\"group\" aria-roledescription=\"slide\" aria-label=\"6 de 19\"><a data-elementor-open-lightbox=\"yes\" data-elementor-lightbox-slideshow=\"9d8f909\" data-elementor-lightbox-title=\"suite-vip (5)\" data-e-action-hash=\"#elementor-action%3Aaction%3Dlightbox%26settings%3DeyJpZCI6MTA3NSwidXJsIjoiaHR0cHM6XC9cL2RhbGxhc21vdGVsc2MuY29tLmJyXC9iaWd1YWN1XC93cC1jb250ZW50XC91cGxvYWRzXC8yMDI1XC8xMFwvc3VpdGUtdmlwLTUuanBnIiwic2xpZGVzaG93IjoiOWQ4ZjkwOSJ9\" href=\"https:\/\/dallasmotelsc.com.br\/biguacu\/wp-content\/uploads\/2025\/10\/suite-vip-5.jpg\"><figure class=\"swiper-slide-inner\"><img class=\"swiper-slide-image swiper-lazy\" data-src=\"https:\/\/dallasmotelsc.com.br\/biguacu\/wp-content\/uploads\/elementor\/thumbs\/suite-vip-5-rd5oc5ycer8zvb2jnn4brgo407f40js2ei5k26849s.jpg\" alt=\"suite-vip (5)\" \/><div class=\"swiper-lazy-preloader\"><\/div><\/figure><\/a><\/div><div class=\"swiper-slide\" role=\"group\" aria-roledescription=\"slide\" aria-label=\"7 de 19\"><a data-elementor-open-lightbox=\"yes\" data-elementor-lightbox-slideshow=\"9d8f909\" data-elementor-lightbox-title=\"suite-vip (6)\" data-e-action-hash=\"#elementor-action%3Aaction%3Dlightbox%26settings%3DeyJpZCI6MTA3NiwidXJsIjoiaHR0cHM6XC9cL2RhbGxhc21vdGVsc2MuY29tLmJyXC9iaWd1YWN1XC93cC1jb250ZW50XC91cGxvYWRzXC8yMDI1XC8xMFwvc3VpdGUtdmlwLTYuanBnIiwic2xpZGVzaG93IjoiOWQ4ZjkwOSJ9\" href=\"https:\/\/dallasmotelsc.com.br\/biguacu\/wp-content\/uploads\/2025\/10\/suite-vip-6.jpg\"><figure class=\"swiper-slide-inner\"><img class=\"swiper-slide-image swiper-lazy\" data-src=\"https:\/\/dallasmotelsc.com.br\/biguacu\/wp-content\/uploads\/elementor\/thumbs\/suite-vip-6-rd5oc7u0sfbkiiztcnxkwg716z5ufxzj2rgj0q5bxc.jpg\" alt=\"suite-vip (6)\" \/><div class=\"swiper-lazy-preloader\"><\/div><\/figure><\/a><\/div><div class=\"swiper-slide\" role=\"group\" aria-roledescription=\"slide\" aria-label=\"8 de 19\"><a data-elementor-open-lightbox=\"yes\" data-elementor-lightbox-slideshow=\"9d8f909\" data-elementor-lightbox-title=\"suite-vip (7)\" data-e-action-hash=\"#elementor-action%3Aaction%3Dlightbox%26settings%3DeyJpZCI6MTA3NywidXJsIjoiaHR0cHM6XC9cL2RhbGxhc21vdGVsc2MuY29tLmJyXC9iaWd1YWN1XC93cC1jb250ZW50XC91cGxvYWRzXC8yMDI1XC8xMFwvc3VpdGUtdmlwLTcuanBnIiwic2xpZGVzaG93IjoiOWQ4ZjkwOSJ9\" href=\"https:\/\/dallasmotelsc.com.br\/biguacu\/wp-content\/uploads\/2025\/10\/suite-vip-7.jpg\"><figure class=\"swiper-slide-inner\"><img class=\"swiper-slide-image swiper-lazy\" data-src=\"https:\/\/dallasmotelsc.com.br\/biguacu\/wp-content\/uploads\/elementor\/thumbs\/suite-vip-7-rd5oc8ruz9cuu4yg76c7gxyhsd17nn39ew40i03xr4.jpg\" alt=\"suite-vip (7)\" \/><div class=\"swiper-lazy-preloader\"><\/div><\/figure><\/a><\/div><div class=\"swiper-slide\" role=\"group\" aria-roledescription=\"slide\" aria-label=\"9 de 19\"><a data-elementor-open-lightbox=\"yes\" data-elementor-lightbox-slideshow=\"9d8f909\" data-elementor-lightbox-title=\"suite-vip (8)\" data-e-action-hash=\"#elementor-action%3Aaction%3Dlightbox%26settings%3DeyJpZCI6MTA3OCwidXJsIjoiaHR0cHM6XC9cL2RhbGxhc21vdGVsc2MuY29tLmJyXC9iaWd1YWN1XC93cC1jb250ZW50XC91cGxvYWRzXC8yMDI1XC8xMFwvc3VpdGUtdmlwLTguanBnIiwic2xpZGVzaG93IjoiOWQ4ZjkwOSJ9\" href=\"https:\/\/dallasmotelsc.com.br\/biguacu\/wp-content\/uploads\/2025\/10\/suite-vip-8.jpg\"><figure class=\"swiper-slide-inner\"><img class=\"swiper-slide-image swiper-lazy\" data-src=\"https:\/\/dallasmotelsc.com.br\/biguacu\/wp-content\/uploads\/elementor\/thumbs\/suite-vip-8-rd5ocanjcxffhcvpw75glxhez4ry31aq35ezgk15eo.jpg\" alt=\"suite-vip (8)\" \/><div class=\"swiper-lazy-preloader\"><\/div><\/figure><\/a><\/div><div class=\"swiper-slide\" role=\"group\" aria-roledescription=\"slide\" aria-label=\"10 de 19\"><a data-elementor-open-lightbox=\"yes\" data-elementor-lightbox-slideshow=\"9d8f909\" data-elementor-lightbox-title=\"suite-vip (9)\" data-e-action-hash=\"#elementor-action%3Aaction%3Dlightbox%26settings%3DeyJpZCI6MTA3OSwidXJsIjoiaHR0cHM6XC9cL2RhbGxhc21vdGVsc2MuY29tLmJyXC9iaWd1YWN1XC93cC1jb250ZW50XC91cGxvYWRzXC8yMDI1XC8xMFwvc3VpdGUtdmlwLTkuanBnIiwic2xpZGVzaG93IjoiOWQ4ZjkwOSJ9\" href=\"https:\/\/dallasmotelsc.com.br\/biguacu\/wp-content\/uploads\/2025\/10\/suite-vip-9.jpg\"><figure class=\"swiper-slide-inner\"><img class=\"swiper-slide-image swiper-lazy\" data-src=\"https:\/\/dallasmotelsc.com.br\/biguacu\/wp-content\/uploads\/elementor\/thumbs\/suite-vip-9-rd5occj7qli04kszl7ypqx0c5wioifi6repyf3yd28.jpg\" alt=\"suite-vip (9)\" \/><div class=\"swiper-lazy-preloader\"><\/div><\/figure><\/a><\/div><div class=\"swiper-slide\" role=\"group\" aria-roledescription=\"slide\" aria-label=\"11 de 19\"><a data-elementor-open-lightbox=\"yes\" data-elementor-lightbox-slideshow=\"9d8f909\" data-elementor-lightbox-title=\"suite-vip (10)\" data-e-action-hash=\"#elementor-action%3Aaction%3Dlightbox%26settings%3DeyJpZCI6MTA4MCwidXJsIjoiaHR0cHM6XC9cL2RhbGxhc21vdGVsc2MuY29tLmJyXC9iaWd1YWN1XC93cC1jb250ZW50XC91cGxvYWRzXC8yMDI1XC8xMFwvc3VpdGUtdmlwLTEwLmpwZyIsInNsaWRlc2hvdyI6IjlkOGY5MDkifQ%3D%3D\" href=\"https:\/\/dallasmotelsc.com.br\/biguacu\/wp-content\/uploads\/2025\/10\/suite-vip-10.jpg\"><figure class=\"swiper-slide-inner\"><img class=\"swiper-slide-image swiper-lazy\" data-src=\"https:\/\/dallasmotelsc.com.br\/biguacu\/wp-content\/uploads\/elementor\/thumbs\/suite-vip-10-rd5oceew49kkrsq9a8ryvwj9co9extpnfo0xdnvkps.jpg\" alt=\"suite-vip (10)\" \/><div class=\"swiper-lazy-preloader\"><\/div><\/figure><\/a><\/div><div class=\"swiper-slide\" role=\"group\" aria-roledescription=\"slide\" aria-label=\"12 de 19\"><a data-elementor-open-lightbox=\"yes\" data-elementor-lightbox-slideshow=\"9d8f909\" data-elementor-lightbox-title=\"suite-vip (11)\" data-e-action-hash=\"#elementor-action%3Aaction%3Dlightbox%26settings%3DeyJpZCI6MTA4MSwidXJsIjoiaHR0cHM6XC9cL2RhbGxhc21vdGVsc2MuY29tLmJyXC9iaWd1YWN1XC93cC1jb250ZW50XC91cGxvYWRzXC8yMDI1XC8xMFwvc3VpdGUtdmlwLTExLmpwZyIsInNsaWRlc2hvdyI6IjlkOGY5MDkifQ%3D%3D\" href=\"https:\/\/dallasmotelsc.com.br\/biguacu\/wp-content\/uploads\/2025\/10\/suite-vip-11.jpg\"><figure class=\"swiper-slide-inner\"><img class=\"swiper-slide-image swiper-lazy\" data-src=\"https:\/\/dallasmotelsc.com.br\/biguacu\/wp-content\/uploads\/elementor\/thumbs\/suite-vip-11-rd5ocfcqb3lv3eow4r6lgeapy24s5itdrsoeuxu6jk.jpg\" alt=\"suite-vip (11)\" \/><div class=\"swiper-lazy-preloader\"><\/div><\/figure><\/a><\/div><div class=\"swiper-slide\" role=\"group\" aria-roledescription=\"slide\" aria-label=\"13 de 19\"><a data-elementor-open-lightbox=\"yes\" data-elementor-lightbox-slideshow=\"9d8f909\" data-elementor-lightbox-title=\"suite-vip (12)\" data-e-action-hash=\"#elementor-action%3Aaction%3Dlightbox%26settings%3DeyJpZCI6MTA4MiwidXJsIjoiaHR0cHM6XC9cL2RhbGxhc21vdGVsc2MuY29tLmJyXC9iaWd1YWN1XC93cC1jb250ZW50XC91cGxvYWRzXC8yMDI1XC8xMFwvc3VpdGUtdmlwLTEyLmpwZyIsInNsaWRlc2hvdyI6IjlkOGY5MDkifQ%3D%3D\" href=\"https:\/\/dallasmotelsc.com.br\/biguacu\/wp-content\/uploads\/2025\/10\/suite-vip-12.jpg\"><figure class=\"swiper-slide-inner\"><img class=\"swiper-slide-image swiper-lazy\" data-src=\"https:\/\/dallasmotelsc.com.br\/biguacu\/wp-content\/uploads\/elementor\/thumbs\/suite-vip-12-rd5och8eorofqmm5trzuldtn4tvikx0ug1zdthre74.jpg\" alt=\"suite-vip (12)\" \/><div class=\"swiper-lazy-preloader\"><\/div><\/figure><\/a><\/div><div class=\"swiper-slide\" role=\"group\" aria-roledescription=\"slide\" aria-label=\"14 de 19\"><a data-elementor-open-lightbox=\"yes\" data-elementor-lightbox-slideshow=\"9d8f909\" data-elementor-lightbox-title=\"suite-vip (13)\" data-e-action-hash=\"#elementor-action%3Aaction%3Dlightbox%26settings%3DeyJpZCI6MTA4MywidXJsIjoiaHR0cHM6XC9cL2RhbGxhc21vdGVsc2MuY29tLmJyXC9iaWd1YWN1XC93cC1jb250ZW50XC91cGxvYWRzXC8yMDI1XC8xMFwvc3VpdGUtdmlwLTEzLmpwZyIsInNsaWRlc2hvdyI6IjlkOGY5MDkifQ%3D%3D\" href=\"https:\/\/dallasmotelsc.com.br\/biguacu\/wp-content\/uploads\/2025\/10\/suite-vip-13.jpg\"><figure class=\"swiper-slide-inner\"><img class=\"swiper-slide-image swiper-lazy\" data-src=\"https:\/\/dallasmotelsc.com.br\/biguacu\/wp-content\/uploads\/elementor\/thumbs\/suite-vip-13-rd5ocj432fr0dujfist3qdckblm90b8b4bacs1oluo.jpg\" alt=\"suite-vip (13)\" \/><div class=\"swiper-lazy-preloader\"><\/div><\/figure><\/a><\/div><div class=\"swiper-slide\" role=\"group\" aria-roledescription=\"slide\" aria-label=\"15 de 19\"><a data-elementor-open-lightbox=\"yes\" data-elementor-lightbox-slideshow=\"9d8f909\" data-elementor-lightbox-title=\"suite-vip (14)\" data-e-action-hash=\"#elementor-action%3Aaction%3Dlightbox%26settings%3DeyJpZCI6MTA4NCwidXJsIjoiaHR0cHM6XC9cL2RhbGxhc21vdGVsc2MuY29tLmJyXC9iaWd1YWN1XC93cC1jb250ZW50XC91cGxvYWRzXC8yMDI1XC8xMFwvc3VpdGUtdmlwLTE0LmpwZyIsInNsaWRlc2hvdyI6IjlkOGY5MDkifQ%3D%3D\" href=\"https:\/\/dallasmotelsc.com.br\/biguacu\/wp-content\/uploads\/2025\/10\/suite-vip-14.jpg\"><figure class=\"swiper-slide-inner\"><img class=\"swiper-slide-image swiper-lazy\" data-src=\"https:\/\/dallasmotelsc.com.br\/biguacu\/wp-content\/uploads\/elementor\/thumbs\/suite-vip-14-rd5ockzrg3tl12gp7tmcvcvhidczfpfrsklbqllti8.jpg\" alt=\"suite-vip (14)\" \/><div class=\"swiper-lazy-preloader\"><\/div><\/figure><\/a><\/div><div class=\"swiper-slide\" role=\"group\" aria-roledescription=\"slide\" aria-label=\"16 de 19\"><a data-elementor-open-lightbox=\"yes\" data-elementor-lightbox-slideshow=\"9d8f909\" data-elementor-lightbox-title=\"suite-vip (15)\" data-e-action-hash=\"#elementor-action%3Aaction%3Dlightbox%26settings%3DeyJpZCI6MTA4NSwidXJsIjoiaHR0cHM6XC9cL2RhbGxhc21vdGVsc2MuY29tLmJyXC9iaWd1YWN1XC93cC1jb250ZW50XC91cGxvYWRzXC8yMDI1XC8xMFwvc3VpdGUtdmlwLTE1LmpwZyIsInNsaWRlc2hvdyI6IjlkOGY5MDkifQ%3D%3D\" href=\"https:\/\/dallasmotelsc.com.br\/biguacu\/wp-content\/uploads\/2025\/10\/suite-vip-15.jpg\"><figure class=\"swiper-slide-inner\"><img class=\"swiper-slide-image swiper-lazy\" data-src=\"https:\/\/dallasmotelsc.com.br\/biguacu\/wp-content\/uploads\/elementor\/thumbs\/suite-vip-15-rd5ocmvftrw5oadywufm0ceep53pv3n8gtwap5j15s.jpg\" alt=\"suite-vip (15)\" \/><div class=\"swiper-lazy-preloader\"><\/div><\/figure><\/a><\/div><div class=\"swiper-slide\" role=\"group\" aria-roledescription=\"slide\" aria-label=\"17 de 19\"><a data-elementor-open-lightbox=\"yes\" data-elementor-lightbox-slideshow=\"9d8f909\" data-elementor-lightbox-title=\"suite-vip (16)\" data-e-action-hash=\"#elementor-action%3Aaction%3Dlightbox%26settings%3DeyJpZCI6MTA4NiwidXJsIjoiaHR0cHM6XC9cL2RhbGxhc21vdGVsc2MuY29tLmJyXC9iaWd1YWN1XC93cC1jb250ZW50XC91cGxvYWRzXC8yMDI1XC8xMFwvc3VpdGUtdmlwLTE2LmpwZyIsInNsaWRlc2hvdyI6IjlkOGY5MDkifQ%3D%3D\" href=\"https:\/\/dallasmotelsc.com.br\/biguacu\/wp-content\/uploads\/2025\/10\/suite-vip-16.jpg\"><figure class=\"swiper-slide-inner\"><img class=\"swiper-slide-image swiper-lazy\" data-src=\"https:\/\/dallasmotelsc.com.br\/biguacu\/wp-content\/uploads\/elementor\/thumbs\/suite-vip-16-rd5ocor47fyqbib8lv8v5bxbvwugahup5379npg8tc.jpg\" alt=\"suite-vip (16)\" \/><div class=\"swiper-lazy-preloader\"><\/div><\/figure><\/a><\/div><div class=\"swiper-slide\" role=\"group\" aria-roledescription=\"slide\" aria-label=\"18 de 19\"><a data-elementor-open-lightbox=\"yes\" data-elementor-lightbox-slideshow=\"9d8f909\" data-elementor-lightbox-title=\"suite-vip (17)\" data-e-action-hash=\"#elementor-action%3Aaction%3Dlightbox%26settings%3DeyJpZCI6MTA4NywidXJsIjoiaHR0cHM6XC9cL2RhbGxhc21vdGVsc2MuY29tLmJyXC9iaWd1YWN1XC93cC1jb250ZW50XC91cGxvYWRzXC8yMDI1XC8xMFwvc3VpdGUtdmlwLTE3LmpwZyIsInNsaWRlc2hvdyI6IjlkOGY5MDkifQ%3D%3D\" href=\"https:\/\/dallasmotelsc.com.br\/biguacu\/wp-content\/uploads\/2025\/10\/suite-vip-17.jpg\"><figure class=\"swiper-slide-inner\"><img class=\"swiper-slide-image swiper-lazy\" data-src=\"https:\/\/dallasmotelsc.com.br\/biguacu\/wp-content\/uploads\/elementor\/thumbs\/suite-vip-17-rd5ocpoyea00n49vgdnhptoshapti6yfh7ur4zeun4.jpg\" alt=\"suite-vip (17)\" \/><div class=\"swiper-lazy-preloader\"><\/div><\/figure><\/a><\/div><div class=\"swiper-slide\" role=\"group\" aria-roledescription=\"slide\" aria-label=\"19 de 19\"><a data-elementor-open-lightbox=\"yes\" data-elementor-lightbox-slideshow=\"9d8f909\" data-elementor-lightbox-title=\"suite-vip (18)\" data-e-action-hash=\"#elementor-action%3Aaction%3Dlightbox%26settings%3DeyJpZCI6MTA4OCwidXJsIjoiaHR0cHM6XC9cL2RhbGxhc21vdGVsc2MuY29tLmJyXC9iaWd1YWN1XC93cC1jb250ZW50XC91cGxvYWRzXC8yMDI1XC8xMFwvc3VpdGUtdmlwLTE4LmpwZyIsInNsaWRlc2hvdyI6IjlkOGY5MDkifQ%3D%3D\" href=\"https:\/\/dallasmotelsc.com.br\/biguacu\/wp-content\/uploads\/2025\/10\/suite-vip-18.jpg\"><figure class=\"swiper-slide-inner\"><img class=\"swiper-slide-image swiper-lazy\" data-src=\"https:\/\/dallasmotelsc.com.br\/biguacu\/wp-content\/uploads\/elementor\/thumbs\/suite-vip-18-rd5ocrkmry2lac755egqut7po2gjxl5w5h5q3jc2ao.jpg\" alt=\"suite-vip (18)\" \/><div class=\"swiper-lazy-preloader\"><\/div><\/figure><\/a><\/div>\t\t\t<\/div>\n\t\t\t\t\t\t\t\t\t\t\t\t<div class=\"elementor-swiper-button elementor-swiper-button-prev\" role=\"button\" tabindex=\"0\">\n\t\t\t\t\t\t<i aria-hidden=\"true\" class=\"eicon-chevron-left\"><\/i>\t\t\t\t\t<\/div>\n\t\t\t\t\t<div class=\"elementor-swiper-button elementor-swiper-button-next\" role=\"button\" tabindex=\"0\">\n\t\t\t\t\t\t<i aria-hidden=\"true\" class=\"eicon-chevron-right\"><\/i>\t\t\t\t\t<\/div>\n\t\t\t\t\n\t\t\t\t\t\t\t\t\t<\/div>\n\t\t\t\t\t\t<\/div>\n\t\t\t\t<\/div>\n\t\t\t\t<\/div>\n\t\t\t\t<\/div>\n\t\t\t\t<\/div>\n\t\t","protected":false},"excerpt":{"rendered":"<p>Su\u00edte VIP Com um ambiente moderno e acolhedor, esta su\u00edte foi projetada para oferecer conforto, privacidade e uma experi\u00eancia inesquec\u00edvel. Equipada com TV de 40 polegadas, frigobar e ar-condicionado, proporciona comodidade em todos os detalhes.A hidromassagem de 1,20 x 1,80m \u00e9 o destaque do ambiente,&#8230;<\/p>\n","protected":false},"author":1,"featured_media":0,"parent":0,"menu_order":0,"comment_status":"closed","ping_status":"closed","template":"elementor_header_footer","meta":{"footnotes":""},"class_list":["post-548","page","type-page","status-publish","hentry"],"_links":{"self":[{"href":"https:\/\/dallasmotelsc.com.br\/biguacu\/wp-json\/wp\/v2\/pages\/548","targetHints":{"allow":["GET"]}}],"collection":[{"href":"https:\/\/dallasmotelsc.com.br\/biguacu\/wp-json\/wp\/v2\/pages"}],"about":[{"href":"https:\/\/dallasmotelsc.com.br\/biguacu\/wp-json\/wp\/v2\/types\/page"}],"author":[{"embeddable":true,"href":"https:\/\/dallasmotelsc.com.br\/biguacu\/wp-json\/wp\/v2\/users\/1"}],"replies":[{"embeddable":true,"href":"https:\/\/dallasmotelsc.com.br\/biguacu\/wp-json\/wp\/v2\/comments?post=548"}],"version-history":[{"count":63,"href":"https:\/\/dallasmotelsc.com.br\/biguacu\/wp-json\/wp\/v2\/pages\/548\/revisions"}],"predecessor-version":[{"id":1240,"href":"https:\/\/dallasmotelsc.com.br\/biguacu\/wp-json\/wp\/v2\/pages\/548\/revisions\/1240"}],"wp:attachment":[{"href":"https:\/\/dallasmotelsc.com.br\/biguacu\/wp-json\/wp\/v2\/media?parent=548"}],"curies":[{"name":"wp","href":"https:\/\/api.w.org\/{rel}","templated":true}]}}